{"id":5340,"date":"2021-03-10T12:37:17","date_gmt":"2021-03-10T11:37:17","guid":{"rendered":"https:\/\/www.kohlhage.de\/productos\/kohlhage-e-tech\/bastidores\/"},"modified":"2021-05-25T10:05:47","modified_gmt":"2021-05-25T08:05:47","slug":"bastidores","status":"publish","type":"page","link":"https:\/\/www.kohlhage.de\/es\/productos\/kohlhage-e-tech\/bastidores\/","title":{"rendered":"Bastidores"},"content":{"rendered":"<div id='full_slider_1'  class='avia-fullwidth-slider main_color avia-shadow   avia-builder-el-0  el_before_av_heading  avia-builder-el-first   container_wrap sidebar_right'  ><div  class='avia-slideshow av-283bl8-24fa1bd73aba4bfc8be6856933b74c31 avia-slideshow-no scaling av_slideshow_full avia-fade-slider av-slideshow-ui av-control-default av-slideshow-autoplay av-loop-endless av-loop-manual-endless av-default-height-applied   avia-slideshow-1' data-slideshow-options=\"{&quot;animation&quot;:&quot;fade&quot;,&quot;autoplay&quot;:true,&quot;loop_autoplay&quot;:&quot;endless&quot;,&quot;interval&quot;:5,&quot;loop_manual&quot;:&quot;manual-endless&quot;,&quot;autoplay_stopper&quot;:false,&quot;noNavigation&quot;:false,&quot;bg_slider&quot;:false,&quot;keep_padding&quot;:false,&quot;hoverpause&quot;:false,&quot;show_slide_delay&quot;:0}\"  itemprop=\"image\" itemscope=\"itemscope\" itemtype=\"https:\/\/schema.org\/ImageObject\" ><ul class='avia-slideshow-inner ' style='padding-bottom: 22.45%;'><li  class='avia-slideshow-slide av-283bl8-24fa1bd73aba4bfc8be6856933b74c31__0  av-single-slide slide-1 slide-odd'><div data-rel='slideshow-1' class='avia-slide-wrap '   ><img decoding=\"async\" fetchpriority=\"high\" class=\"wp-image-6728 avia-img-lazy-loading-not-6728\"  src=\"https:\/\/www.kohlhage.de\/wp-content\/uploads\/2019\/07\/bild_kohlhage_gebaeude_luftaufnahme-2.jpg\" width=\"2000\" height=\"449\" title='bild_kohlhage_gebaeude_luftaufnahme' alt=''  itemprop=\"thumbnailUrl\" srcset=\"https:\/\/www.kohlhage.de\/wp-content\/uploads\/2019\/07\/bild_kohlhage_gebaeude_luftaufnahme-2.jpg 2000w, https:\/\/www.kohlhage.de\/wp-content\/uploads\/2019\/07\/bild_kohlhage_gebaeude_luftaufnahme-2-300x67.jpg 300w, https:\/\/www.kohlhage.de\/wp-content\/uploads\/2019\/07\/bild_kohlhage_gebaeude_luftaufnahme-2-768x172.jpg 768w, https:\/\/www.kohlhage.de\/wp-content\/uploads\/2019\/07\/bild_kohlhage_gebaeude_luftaufnahme-2-1030x231.jpg 1030w, https:\/\/www.kohlhage.de\/wp-content\/uploads\/2019\/07\/bild_kohlhage_gebaeude_luftaufnahme-2-1500x337.jpg 1500w, https:\/\/www.kohlhage.de\/wp-content\/uploads\/2019\/07\/bild_kohlhage_gebaeude_luftaufnahme-2-705x158.jpg 705w, https:\/\/www.kohlhage.de\/wp-content\/uploads\/2019\/07\/bild_kohlhage_gebaeude_luftaufnahme-2-450x101.jpg 450w\" sizes=\"(max-width: 2000px) 100vw, 2000px\" \/><\/div><\/li><\/ul><\/div><\/div><div id='after_full_slider_1'  class='main_color av_default_container_wrap container_wrap sidebar_right'  ><div class='container av-section-cont-open' ><div class='template-page content  av-content-small alpha units'><div class='post-entry post-entry-type-page post-entry-5340'><div class='entry-content-wrapper clearfix'>\n\n<style type=\"text\/css\" data-created_by=\"avia_inline_auto\" id=\"style-css-av-av_heading-9238df31fa72be0ad9a250d05bca4562\">\n#top .av-special-heading.av-av_heading-9238df31fa72be0ad9a250d05bca4562{\npadding-bottom:10px;\n}\nbody .av-special-heading.av-av_heading-9238df31fa72be0ad9a250d05bca4562 .av-special-heading-tag .heading-char{\nfont-size:25px;\n}\n.av-special-heading.av-av_heading-9238df31fa72be0ad9a250d05bca4562 .av-subheading{\nfont-size:15px;\n}\n<\/style>\n<div  class='av-special-heading av-av_heading-9238df31fa72be0ad9a250d05bca4562 av-special-heading-h1 blockquote modern-quote  avia-builder-el-1  el_after_av_slideshow_full  el_before_av_one_full  avia-builder-el-first  av-linked-heading'><h1 class='av-special-heading-tag '  itemprop=\"headline\"  >Bastidores<\/h1><div class=\"special-heading-border\"><div class=\"special-heading-inner-border\"><\/div><\/div><\/div>\n\n<style type=\"text\/css\" data-created_by=\"avia_inline_auto\" id=\"style-css-av-3knefo-0b2801011d5ec515051d09398aed186b\">\n.flex_column.av-3knefo-0b2801011d5ec515051d09398aed186b{\nborder-radius:0px 0px 0px 0px;\npadding:0px 0px 0px 0px;\n}\n<\/style>\n<div  class='flex_column av-3knefo-0b2801011d5ec515051d09398aed186b av_one_full  avia-builder-el-2  el_after_av_heading  el_before_av_postcontent  avia-builder-el-last  first flex_column_div av-zero-column-padding  '     ><p><section  class='av_textblock_section av-kcvur3qv-74a49fef07b2be4edec3254bae48aa53 '   itemscope=\"itemscope\" itemtype=\"https:\/\/schema.org\/CreativeWork\" ><div class='avia_textblock'  itemprop=\"text\" ><p>Los bastidores tubulares <strong>KOHLHAGE<\/strong> son especiales porque durante la producci\u00f3n se curvan, moldean y cortan por separado, y solo despu\u00e9s se sueldan para formar el producto. Esto los hace m\u00e1s duraderos, sobre todo cuando se exigen requisitos especiales de estabilidad.<\/p>\n<\/div><\/section><br \/>\n\n<style type=\"text\/css\" data-created_by=\"avia_inline_auto\" id=\"style-css-sub-av-ka56nnsh-0fa23f4d61d6b4b63ffe390661abd0d5\">\n.av-hotspot-image-container .av-image-hotspot.av-2u7rb1-e50c4f5c3c0f90ce28b0096b065232fb{\ntop:26.3%;\nleft:11.8%;\n}\n.av-hotspot-image-container .av-image-hotspot.av-2u7rb1-e50c4f5c3c0f90ce28b0096b065232fb .av-image-hotspot_inner{\nbackground-color:#007749;\ncolor:#ffffff;\n}\n.av-hotspot-image-container .av-image-hotspot.av-115q19-8f91d1166f6dfe104eedf5d3c4dcd34a{\ntop:26.8%;\nleft:60.7%;\n}\n.av-hotspot-image-container .av-image-hotspot.av-115q19-8f91d1166f6dfe104eedf5d3c4dcd34a .av-image-hotspot_inner{\nbackground-color:#007749;\ncolor:#ffffff;\n}\n.av-hotspot-image-container .av-image-hotspot.av-8gdx71-36d8d53034c002762c28c7b43fd626ab{\ntop:32.7%;\nleft:31.7%;\n}\n.av-hotspot-image-container .av-image-hotspot.av-8gdx71-36d8d53034c002762c28c7b43fd626ab .av-image-hotspot_inner{\nbackground-color:#007749;\ncolor:#ffffff;\n}\n.av-hotspot-image-container .av-image-hotspot.av-76ktwt-c86a3d112b67c9617c3ad7a83bbeedff{\ntop:55%;\nleft:56.1%;\n}\n.av-hotspot-image-container .av-image-hotspot.av-76ktwt-c86a3d112b67c9617c3ad7a83bbeedff .av-image-hotspot_inner{\nbackground-color:#007749;\ncolor:#ffffff;\n}\n.av-hotspot-image-container .av-image-hotspot.av-m6vvx-3e4cff898ff9bea464701dcde660964c{\ntop:62.3%;\nleft:93.8%;\n}\n.av-hotspot-image-container .av-image-hotspot.av-m6vvx-3e4cff898ff9bea464701dcde660964c .av-image-hotspot_inner{\nbackground-color:#007749;\ncolor:#ffffff;\n}\n.av-hotspot-image-container .av-image-hotspot.av-3j2lt9-2a635e001e0af0ced0f52770a7954e30{\ntop:29.3%;\nleft:82.7%;\n}\n.av-hotspot-image-container .av-image-hotspot.av-3j2lt9-2a635e001e0af0ced0f52770a7954e30 .av-image-hotspot_inner{\nbackground-color:#007749;\ncolor:#ffffff;\n}\n.av-hotspot-image-container .av-image-hotspot.av-2ifsyl-68ec191bcb715a3ac47083327c6ead39{\ntop:66.1%;\nleft:23.1%;\n}\n.av-hotspot-image-container .av-image-hotspot.av-2ifsyl-68ec191bcb715a3ac47083327c6ead39 .av-image-hotspot_inner{\nbackground-color:#007749;\ncolor:#ffffff;\n}\n<\/style>\n<div  class='av-hotspot-image-container av-ka56nnsh-0fa23f4d61d6b4b63ffe390661abd0d5  avia-builder-el-4  el_after_av_textblock  avia-builder-el-last  av-hotspot-numbered av-mobile-fallback-active  av-non-fullwidth-hotspot-image'  itemprop=\"image\" itemscope=\"itemscope\" itemtype=\"https:\/\/schema.org\/ImageObject\" ><div class='av-hotspot-container'><div class='av-hotspot-container-inner-cell'><div class='av-hotspot-container-inner-wrap'><div class='av-image-hotspot av-2u7rb1-e50c4f5c3c0f90ce28b0096b065232fb av-image-hotspot-1 ' data-avia-tooltip-position='top' data-avia-tooltip-alignment='left' data-avia-tooltip-class='av-tt-default-width av-tt-pos-above av-tt-align-left  av-mobile-fallback-active  main_color av-tooltip-shadow av-tt-hotspot' data-avia-tooltip='&lt;p style=&quot;text-align: left;&quot;&gt;Geometr\u00edas de conexi\u00f3n de tubos flexibles\u00a0gracias a contornos definidos mediante l\u00e1ser&lt;\/p&gt;\n'><div class='av-image-hotspot_inner'>1<\/div><div class='av-image-hotspot-pulse'><\/div><\/div><div class='av-image-hotspot av-115q19-8f91d1166f6dfe104eedf5d3c4dcd34a av-image-hotspot-2 ' data-avia-tooltip-position='top' data-avia-tooltip-alignment='left' data-avia-tooltip-class='av-tt-default-width av-tt-pos-above av-tt-align-left  av-mobile-fallback-active  main_color av-tooltip-shadow av-tt-hotspot' data-avia-tooltip='&lt;p style=&quot;text-align: left;&quot;&gt;Puntos de montaje\u00a0flexibles&lt;\/p&gt;\n'><div class='av-image-hotspot_inner'>2<\/div><div class='av-image-hotspot-pulse'><\/div><\/div><div class='av-image-hotspot av-8gdx71-36d8d53034c002762c28c7b43fd626ab av-image-hotspot-3 ' data-avia-tooltip-position='top' data-avia-tooltip-alignment='left' data-avia-tooltip-class='av-tt-default-width av-tt-pos-above av-tt-align-left  av-mobile-fallback-active  main_color av-tooltip-shadow av-tt-hotspot' data-avia-tooltip='&lt;p style=&quot;text-align: left;&quot;&gt;Soldaduras para cargas altamente din\u00e1micas&lt;\/p&gt;\n'><div class='av-image-hotspot_inner'>3<\/div><div class='av-image-hotspot-pulse'><\/div><\/div><div class='av-image-hotspot av-76ktwt-c86a3d112b67c9617c3ad7a83bbeedff av-image-hotspot-4 ' data-avia-tooltip-position='top' data-avia-tooltip-alignment='left' data-avia-tooltip-class='av-tt-default-width av-tt-pos-above av-tt-align-left  av-mobile-fallback-active  main_color av-tooltip-shadow av-tt-hotspot' data-avia-tooltip='&lt;p style=&quot;text-align: left;&quot;&gt;Room Positioning System (RPS)&lt;\/p&gt;\n'><div class='av-image-hotspot_inner'>4<\/div><div class='av-image-hotspot-pulse'><\/div><\/div><div class='av-image-hotspot av-m6vvx-3e4cff898ff9bea464701dcde660964c av-image-hotspot-5 ' data-avia-tooltip-position='top' data-avia-tooltip-alignment='left' data-avia-tooltip-class='av-tt-default-width av-tt-pos-above av-tt-align-left  av-mobile-fallback-active  main_color av-tooltip-shadow av-tt-hotspot' data-avia-tooltip='&lt;p style=&quot;text-align: left;&quot;&gt;Doblado de tubos para la estabilidad de choque&lt;\/p&gt;\n'><div class='av-image-hotspot_inner'>5<\/div><div class='av-image-hotspot-pulse'><\/div><\/div><div class='av-image-hotspot av-3j2lt9-2a635e001e0af0ced0f52770a7954e30 av-image-hotspot-6 ' data-avia-tooltip-position='top' data-avia-tooltip-alignment='left' data-avia-tooltip-class='av-tt-default-width av-tt-pos-above av-tt-align-left  av-mobile-fallback-active  main_color av-tooltip-shadow av-tt-hotspot' data-avia-tooltip='&lt;p style=&quot;text-align: left;&quot;&gt;Protecci\u00f3n anticorrosi\u00f3n y antigravilla&lt;\/p&gt;\n'><div class='av-image-hotspot_inner'>6<\/div><div class='av-image-hotspot-pulse'><\/div><\/div><div class='av-image-hotspot av-2ifsyl-68ec191bcb715a3ac47083327c6ead39 av-image-hotspot-7 ' data-avia-tooltip-position='top' data-avia-tooltip-alignment='left' data-avia-tooltip-class='av-tt-default-width av-tt-pos-above av-tt-align-left  av-mobile-fallback-active  main_color av-tooltip-shadow av-tt-hotspot' data-avia-tooltip='&lt;p style=&quot;text-align: left;&quot;&gt;Desacoplamiento antivibratorio&lt;\/p&gt;\n'><div class='av-image-hotspot_inner'>7<\/div><div class='av-image-hotspot-pulse'><\/div><\/div><img decoding=\"async\" fetchpriority=\"high\" class='wp-image-8401 avia-img-lazy-loading-not-8401 avia_image' src=\"https:\/\/www.kohlhage.de\/wp-content\/uploads\/2021\/05\/Kohlhage-Rahmen-Internet.jpg\" alt='' title='Portador de agregados'  height=\"800\" width=\"950\"  itemprop=\"thumbnailUrl\" srcset=\"https:\/\/www.kohlhage.de\/wp-content\/uploads\/2021\/05\/Kohlhage-Rahmen-Internet.jpg 950w, https:\/\/www.kohlhage.de\/wp-content\/uploads\/2021\/05\/Kohlhage-Rahmen-Internet-300x253.jpg 300w, https:\/\/www.kohlhage.de\/wp-content\/uploads\/2021\/05\/Kohlhage-Rahmen-Internet-768x647.jpg 768w, https:\/\/www.kohlhage.de\/wp-content\/uploads\/2021\/05\/Kohlhage-Rahmen-Internet-705x594.jpg 705w, https:\/\/www.kohlhage.de\/wp-content\/uploads\/2021\/05\/Kohlhage-Rahmen-Internet-450x379.jpg 450w\" sizes=\"(max-width: 950px) 100vw, 950px\" \/><\/div><\/div><\/div><div class='av-hotspot-fallback-tooltip av-image-hotspot-1 '><div class=\"av-hotspot-fallback-tooltip-count\">1<div class=\"avia-arrow\"><\/div><\/div><div class=\"av-hotspot-fallback-tooltip-inner clearfix\"><\/p>\n<p style=\"text-align: left;\">Geometr\u00edas de conexi\u00f3n de tubos flexibles\u00a0gracias a contornos definidos mediante l\u00e1ser<\/p>\n<p>\n<\/div><\/div><div class='av-hotspot-fallback-tooltip av-image-hotspot-2 '><div class=\"av-hotspot-fallback-tooltip-count\">2<div class=\"avia-arrow\"><\/div><\/div><div class=\"av-hotspot-fallback-tooltip-inner clearfix\"><\/p>\n<p style=\"text-align: left;\">Puntos de montaje\u00a0flexibles<\/p>\n<p>\n<\/div><\/div><div class='av-hotspot-fallback-tooltip av-image-hotspot-3 '><div class=\"av-hotspot-fallback-tooltip-count\">3<div class=\"avia-arrow\"><\/div><\/div><div class=\"av-hotspot-fallback-tooltip-inner clearfix\"><\/p>\n<p style=\"text-align: left;\">Soldaduras para cargas altamente din\u00e1micas<\/p>\n<p>\n<\/div><\/div><div class='av-hotspot-fallback-tooltip av-image-hotspot-4 '><div class=\"av-hotspot-fallback-tooltip-count\">4<div class=\"avia-arrow\"><\/div><\/div><div class=\"av-hotspot-fallback-tooltip-inner clearfix\"><\/p>\n<p style=\"text-align: left;\">Room Positioning System (RPS)<\/p>\n<p>\n<\/div><\/div><div class='av-hotspot-fallback-tooltip av-image-hotspot-5 '><div class=\"av-hotspot-fallback-tooltip-count\">5<div class=\"avia-arrow\"><\/div><\/div><div class=\"av-hotspot-fallback-tooltip-inner clearfix\"><\/p>\n<p style=\"text-align: left;\">Doblado de tubos para la estabilidad de choque<\/p>\n<p>\n<\/div><\/div><div class='av-hotspot-fallback-tooltip av-image-hotspot-6 '><div class=\"av-hotspot-fallback-tooltip-count\">6<div class=\"avia-arrow\"><\/div><\/div><div class=\"av-hotspot-fallback-tooltip-inner clearfix\"><\/p>\n<p style=\"text-align: left;\">Protecci\u00f3n anticorrosi\u00f3n y antigravilla<\/p>\n<p>\n<\/div><\/div><div class='av-hotspot-fallback-tooltip av-image-hotspot-7 '><div class=\"av-hotspot-fallback-tooltip-count\">7<div class=\"avia-arrow\"><\/div><\/div><div class=\"av-hotspot-fallback-tooltip-inner clearfix\"><\/p>\n<p style=\"text-align: left;\">Desacoplamiento antivibratorio<\/p>\n<p>\n<\/div><\/div><\/div><\/p><\/div>\n[av_layout_row border='' min_height_percent='' min_height_pc='25' min_height='0' color='main_color' mobile='av-flex-cells' id='' av_element_hidden_in_editor='0' mobile_breaking='' av-small-hide='aviaTBav-small-hide' av-mini-hide='aviaTBav-mini-hide' av_uid='av-1gdke6' custom_class='']\n\n[av_cell_one_fifth av_uid='av-bunpu6']\n\n[\/av_cell_one_fifth][av_cell_three_fifth av_uid='av-arqtqm']\n\n[av_one_fifth first min_height='' vertical_alignment='av-align-top' space='' margin='0px' margin_sync='true' row_boxshadow_color='' row_boxshadow_width='10' link='' linktarget='' link_hover='' title_attr='' alt_attr='' padding='0px,15px,0px,15px' highlight_size='1.1' border='' border_color='' radius='0px' radius_sync='true' column_boxshadow_color='' column_boxshadow_width='10' background='bg_color' background_color='' background_gradient_color1='' background_gradient_color2='' background_gradient_direction='vertical' src='' attachment='' attachment_size='' background_position='top left' background_repeat='repeat' animation='' mobile_breaking='' mobile_display='' av_uid='av-k9ladck7' custom_class='']\n\n[av_image src='https:\/\/www.kohlhage.de\/wp-content\/uploads\/2020\/05\/karriere-icons_bild-kohlhage-kontakt-272x300.png' attachment='3036' attachment_size='medium' align='center' styling='' hover='' link='manually,https:\/\/www.kohlhage.de\/es\/kohlhage-servicios\/contacto\/' target='' caption='' font_size='' appearance='' overlay_opacity='0.4' overlay_color='#000000' overlay_text_color='#ffffff' copyright='' animation='no-animation' av_uid='av-k9lafuku' custom_class='' admin_preview_bg=''][\/av_image]\n\n[av_heading heading='Contacto' tag='h3' link='manually,http:\/\/' link_target='' style='blockquote modern-quote modern-centered' size='' subheading_active='' subheading_size='15' margin='14px,,,' padding='10' color='custom-color-heading' custom_font='#007749' custom_class='' id='' admin_preview_bg='' av-desktop-hide='' av-medium-hide='' av-small-hide='' av-mini-hide='' av-medium-font-size-title='' av-small-font-size-title='' av-mini-font-size-title='' av-medium-font-size='' av-small-font-size='' av-mini-font-size='' av_uid='av-9kp6pa'][\/av_heading]\n\n[\/av_one_fifth][av_one_fifth min_height='' vertical_alignment='av-align-top' space='' custom_margin='aviaTBcustom_margin' margin='0px' margin_sync='true' row_boxshadow_color='' row_boxshadow_width='10' link='' linktarget='' link_hover='' title_attr='' alt_attr='' padding='0px,15px,0px,15px' highlight_size='1.1' border='' border_color='' radius='0px' radius_sync='true' column_boxshadow_color='' column_boxshadow_width='10' background='bg_color' background_color='' background_gradient_color1='' background_gradient_color2='' background_gradient_direction='vertical' src='' attachment='' attachment_size='' background_position='top left' background_repeat='repeat' animation='' mobile_breaking='' mobile_display='' av_uid='av-k9ladck7' custom_class='']\n\n[av_image src='https:\/\/www.kohlhage.de\/wp-content\/uploads\/2020\/05\/karriere-icons_bild-kohlhage-offene-stellen-272x300.png' attachment='3038' attachment_size='medium' align='center' styling='' hover='' link='manually,https:\/\/karriere.kohlhage.de' target='' caption='' font_size='' appearance='' overlay_opacity='0.4' overlay_color='#000000' overlay_text_color='#ffffff' copyright='' animation='no-animation' av_uid='av-k9lafuku' custom_class='' admin_preview_bg=''][\/av_image]\n\n[av_heading heading='Carrera' tag='h3' link='manually,http:\/\/' link_target='' style='blockquote modern-quote modern-centered' size='' subheading_active='' subheading_size='15' margin='14px,,,' padding='10' color='custom-color-heading' custom_font='#007749' custom_class='' id='' admin_preview_bg='' av-desktop-hide='' av-medium-hide='' av-small-hide='' av-mini-hide='' av-medium-font-size-title='' av-small-font-size-title='' av-mini-font-size-title='' av-medium-font-size='' av-small-font-size='' av-mini-font-size='' av_uid='av-7pv2by'][\/av_heading]\n\n[\/av_one_fifth][av_one_fifth min_height='av-equal-height-column' vertical_alignment='av-align-top' space='' margin='0px' margin_sync='true' row_boxshadow_color='' row_boxshadow_width='10' link='' linktarget='' link_hover='' title_attr='' alt_attr='' padding='0px,15px,0px,15px' highlight_size='1.1' border='' border_color='' radius='0px' radius_sync='true' column_boxshadow_color='' column_boxshadow_width='10' background='bg_color' background_color='' background_gradient_color1='' background_gradient_color2='' background_gradient_direction='vertical' src='' attachment='' attachment_size='' background_position='top left' background_repeat='repeat' animation='' mobile_breaking='' mobile_display='' av_uid='av-k9ladck7' custom_class='']\n\n[av_image src='https:\/\/www.kohlhage.de\/wp-content\/uploads\/2020\/05\/karriere-icons_bild-kohlhage-news-272x300.png' attachment='3037' attachment_size='medium' align='center' styling='' hover='' link='manually,https:\/\/www.kohlhage.de\/es\/kohlhage-servicios\/noticias\/' target='' caption='' font_size='' appearance='' overlay_opacity='0.4' overlay_color='#000000' overlay_text_color='#ffffff' copyright='' animation='no-animation' av_uid='av-k9lafuku' custom_class='' admin_preview_bg=''][\/av_image]\n\n[av_heading heading='Noticias' tag='h3' link='manually,http:\/\/' link_target='' style='blockquote modern-quote modern-centered' size='' subheading_active='' subheading_size='15' margin='14px,,,' padding='10' color='custom-color-heading' custom_font='#007749' custom_class='' id='' admin_preview_bg='' av-desktop-hide='' av-medium-hide='' av-small-hide='' av-mini-hide='' av-medium-font-size-title='' av-small-font-size-title='' av-mini-font-size-title='' av-medium-font-size='' av-small-font-size='' av-mini-font-size='' av_uid='av-5ykh0e'][\/av_heading]\n\n[\/av_one_fifth][av_one_fifth min_height='' vertical_alignment='av-align-top' space='' margin='0px' margin_sync='true' row_boxshadow_color='' row_boxshadow_width='10' link='' linktarget='' link_hover='' title_attr='' alt_attr='' padding='0px,15px,0px,15px' highlight_size='1.1' border='' border_color='' radius='0px' radius_sync='true' column_boxshadow_color='' column_boxshadow_width='10' background='bg_color' background_color='' background_gradient_color1='' background_gradient_color2='' background_gradient_direction='vertical' src='' attachment='' attachment_size='' background_position='top left' background_repeat='repeat' animation='' mobile_breaking='' mobile_display='' av_uid='av-k9ladck7' custom_class='']\n\n[av_image src='https:\/\/www.kohlhage.de\/wp-content\/uploads\/2020\/05\/karriere-icons_bild-kohlhage-downloads-1-272x300.png' attachment='3052' attachment_size='medium' align='center' styling='' hover='' link='manually,https:\/\/www.kohlhage.de\/es\/kohlhage-servicios\/descargas\/' target='' caption='' font_size='' appearance='' overlay_opacity='0.4' overlay_color='#000000' overlay_text_color='#ffffff' copyright='' animation='no-animation' av_uid='av-k9lafuku' custom_class='' admin_preview_bg=''][\/av_image]\n\n[av_heading heading='Descargar' tag='h3' link='manually,http:\/\/' link_target='' style='blockquote modern-quote modern-centered' size='' subheading_active='' subheading_size='15' margin='14px,,,' padding='10' color='custom-color-heading' custom_font='#007749' custom_class='' id='' admin_preview_bg='' av-desktop-hide='' av-medium-hide='' av-small-hide='' av-mini-hide='' av-medium-font-size-title='' av-small-font-size-title='' av-mini-font-size-title='' av-medium-font-size='' av-small-font-size='' av-mini-font-size='' av_uid='av-3zu6ce'][\/av_heading]\n\n[\/av_one_fifth][av_one_fifth min_height='' vertical_alignment='av-align-top' space='' margin='0px' margin_sync='true' row_boxshadow_color='' row_boxshadow_width='10' link='' linktarget='' link_hover='' title_attr='' alt_attr='' padding='0px,15px,0px,15px' highlight_size='1.1' border='' border_color='' radius='0px' radius_sync='true' column_boxshadow_color='' column_boxshadow_width='10' background='bg_color' background_color='' background_gradient_color1='' background_gradient_color2='' background_gradient_direction='vertical' src='' attachment='' attachment_size='' background_position='top left' background_repeat='repeat' animation='' mobile_breaking='' mobile_display='' av_uid='av-k9ladck7' custom_class='']\n\n[av_image src='https:\/\/www.kohlhage.de\/wp-content\/uploads\/2021\/10\/kohlhage_pikto_zertifikat.png' attachment='8913' attachment_size='full' copyright='' caption='' styling='' align='center' font_size='' overlay_opacity='0.4' overlay_color='#000000' overlay_text_color='#ffffff' animation='no-animation' hover='' appearance='' link='manually,https:\/\/www.kohlhage.de\/es\/kohlhage-servicios\/certificaciones\/' target='' title_attr='' alt_attr='' id='' custom_class='' av_element_hidden_in_editor='0' av_uid='av-k9lafuku' admin_preview_bg=''][\/av_image]\n\n[av_heading heading='Certificaciones' tag='h3' link='manually,http:\/\/' link_target='' style='blockquote modern-quote modern-centered' size='' subheading_active='' subheading_size='15' margin='14px,,,' padding='10' color='custom-color-heading' custom_font='#007749' custom_class='' id='' admin_preview_bg='' av-desktop-hide='' av-medium-hide='' av-small-hide='' av-mini-hide='' av-medium-font-size-title='' av-small-font-size-title='' av-mini-font-size-title='' av-medium-font-size='' av-small-font-size='' av-mini-font-size='' av_uid='av-2biyri'][\/av_heading]\n\n[\/av_one_fifth][\/av_cell_three_fifth][av_cell_one_fifth vertical_align='top' padding='30px' background='bg_color' background_color='' background_gradient_color1='' background_gradient_color2='' background_gradient_direction='vertical' src='' background_attachment='scroll' background_position='top left' background_repeat='no-repeat' link='' linktarget='' link_hover='' mobile_display='' av_uid='av-9jvtlq']\n\n[\/av_cell_one_fifth][\/av_layout_row]\n","protected":false},"excerpt":{"rendered":"","protected":false},"author":2,"featured_media":0,"parent":5334,"menu_order":10,"comment_status":"closed","ping_status":"closed","template":"","meta":{"footnotes":""},"class_list":["post-5340","page","type-page","status-publish","hentry"],"_links":{"self":[{"href":"https:\/\/www.kohlhage.de\/es\/wp-json\/wp\/v2\/pages\/5340","targetHints":{"allow":["GET"]}}],"collection":[{"href":"https:\/\/www.kohlhage.de\/es\/wp-json\/wp\/v2\/pages"}],"about":[{"href":"https:\/\/www.kohlhage.de\/es\/wp-json\/wp\/v2\/types\/page"}],"author":[{"embeddable":true,"href":"https:\/\/www.kohlhage.de\/es\/wp-json\/wp\/v2\/users\/2"}],"replies":[{"embeddable":true,"href":"https:\/\/www.kohlhage.de\/es\/wp-json\/wp\/v2\/comments?post=5340"}],"version-history":[{"count":16,"href":"https:\/\/www.kohlhage.de\/es\/wp-json\/wp\/v2\/pages\/5340\/revisions"}],"predecessor-version":[{"id":8090,"href":"https:\/\/www.kohlhage.de\/es\/wp-json\/wp\/v2\/pages\/5340\/revisions\/8090"}],"up":[{"embeddable":true,"href":"https:\/\/www.kohlhage.de\/es\/wp-json\/wp\/v2\/pages\/5334"}],"wp:attachment":[{"href":"https:\/\/www.kohlhage.de\/es\/wp-json\/wp\/v2\/media?parent=5340"}],"curies":[{"name":"wp","href":"https:\/\/api.w.org\/{rel}","templated":true}]}}