{"id":5408,"date":"2021-03-11T10:40:27","date_gmt":"2021-03-11T09:40:27","guid":{"rendered":"https:\/\/www.kohlhage.de\/productos\/kohlhage-fasteners-2\/piezas-formadas-en-frio\/"},"modified":"2021-05-12T11:24:07","modified_gmt":"2021-05-12T09:24:07","slug":"piezas-formadas-en-frio","status":"publish","type":"page","link":"https:\/\/www.kohlhage.de\/es\/productos\/kohlhage-fasteners-2\/piezas-formadas-en-frio\/","title":{"rendered":"Piezas formadas en fr\u00edo"},"content":{"rendered":"<div id='full_slider_1'  class='avia-fullwidth-slider main_color avia-shadow   avia-builder-el-0  el_before_av_one_full  avia-builder-el-first   container_wrap sidebar_right'  ><div  class='avia-slideshow av-8a41a-399ffaedade8c7785ab6e134749c00be avia-slideshow-no scaling av_slideshow_full avia-fade-slider av-slideshow-ui av-control-default av-slideshow-autoplay av-loop-endless av-loop-manual-endless av-default-height-applied   avia-slideshow-1' data-slideshow-options=\"{&quot;animation&quot;:&quot;fade&quot;,&quot;autoplay&quot;:true,&quot;loop_autoplay&quot;:&quot;endless&quot;,&quot;interval&quot;:5,&quot;loop_manual&quot;:&quot;manual-endless&quot;,&quot;autoplay_stopper&quot;:false,&quot;noNavigation&quot;:false,&quot;bg_slider&quot;:false,&quot;keep_padding&quot;:false,&quot;hoverpause&quot;:false,&quot;show_slide_delay&quot;:0}\"  itemprop=\"image\" itemscope=\"itemscope\" itemtype=\"https:\/\/schema.org\/ImageObject\" ><ul class='avia-slideshow-inner ' style='padding-bottom: 22.45%;'><li  class='avia-slideshow-slide av-8a41a-399ffaedade8c7785ab6e134749c00be__0  av-single-slide slide-1 slide-odd'><div data-rel='slideshow-1' class='avia-slide-wrap '   ><img decoding=\"async\" fetchpriority=\"high\" class=\"wp-image-6332 avia-img-lazy-loading-not-6332\"  src=\"https:\/\/www.kohlhage.de\/wp-content\/uploads\/2018\/04\/headbild_kohlhage_fasteners_kaltumformung.jpg\" width=\"2000\" height=\"449\" title='' alt=''  itemprop=\"thumbnailUrl\" srcset=\"https:\/\/www.kohlhage.de\/wp-content\/uploads\/2018\/04\/headbild_kohlhage_fasteners_kaltumformung.jpg 2000w, https:\/\/www.kohlhage.de\/wp-content\/uploads\/2018\/04\/headbild_kohlhage_fasteners_kaltumformung-300x67.jpg 300w, https:\/\/www.kohlhage.de\/wp-content\/uploads\/2018\/04\/headbild_kohlhage_fasteners_kaltumformung-768x172.jpg 768w, https:\/\/www.kohlhage.de\/wp-content\/uploads\/2018\/04\/headbild_kohlhage_fasteners_kaltumformung-1030x231.jpg 1030w, https:\/\/www.kohlhage.de\/wp-content\/uploads\/2018\/04\/headbild_kohlhage_fasteners_kaltumformung-1500x337.jpg 1500w, https:\/\/www.kohlhage.de\/wp-content\/uploads\/2018\/04\/headbild_kohlhage_fasteners_kaltumformung-705x158.jpg 705w, https:\/\/www.kohlhage.de\/wp-content\/uploads\/2018\/04\/headbild_kohlhage_fasteners_kaltumformung-450x101.jpg 450w\" sizes=\"(max-width: 2000px) 100vw, 2000px\" \/><\/div><\/li><\/ul><\/div><\/div><div id='after_full_slider_1'  class='main_color av_default_container_wrap container_wrap sidebar_right'  ><div class='container av-section-cont-open' ><div class='template-page content  av-content-small alpha units'><div class='post-entry post-entry-type-page post-entry-5408'><div class='entry-content-wrapper clearfix'>\n\n<style type=\"text\/css\" data-created_by=\"avia_inline_auto\" id=\"style-css-av-k9vbp4di-e2b8fb3aa7cbd5756f7fe79424654f4e\">\n#top .flex_column.av-k9vbp4di-e2b8fb3aa7cbd5756f7fe79424654f4e{\nmargin-top:-100px;\nmargin-bottom:-120px;\n}\n.flex_column.av-k9vbp4di-e2b8fb3aa7cbd5756f7fe79424654f4e{\nborder-radius:0px 0px 0px 0px;\npadding:0px 0px 0px 0px;\n}\n.responsive #top #wrap_all .flex_column.av-k9vbp4di-e2b8fb3aa7cbd5756f7fe79424654f4e{\nmargin-top:-100px;\nmargin-bottom:-120px;\n}\n<\/style>\n<div  class='flex_column av-k9vbp4di-e2b8fb3aa7cbd5756f7fe79424654f4e av_one_full  avia-builder-el-1  el_after_av_slideshow_full  el_before_av_layout_row  avia-builder-el-no-sibling  first flex_column_div av-hide-on-mobile av-zero-column-padding  '     ><div  class='avia-logo-element-container av-k9vbgb6b-f77d9876d70cd23883c4bdefabd957ec av-border-deactivate avia-logo-grid avia-content-slider avia-smallarrow-slider avia-content-grid-active noHover avia-content-slider-even  avia-builder-el-2  avia-builder-el-no-sibling  avia-content-slider1' ><div class='avia-smallarrow-slider-heading  no-logo-slider-heading '><\/div><div class=\"avia-content-slider-inner\"><div class=\"slide-entry-wrap\"><div  class='slide-entry av-4vdwi-f387bce46eb1c9240338b282f84ec4b4 flex_column no_margin av_one_eighth real-thumbnail post-entry slide-entry-overview slide-loop-1 slide-parity-odd  first'><span class='av-partner-fake-img' style='padding-bottom:100%; background-image:url(https:\/\/www.kohlhage.de\/wp-content\/uploads\/2020\/07\/bild-kohlhage-kaltformteile_0000_1.png);'><\/span><\/div><div  class='slide-entry av-4d2c2-cc6b1b24bb90fdbee40b06081b7f59a6 flex_column no_margin av_one_eighth real-thumbnail post-entry slide-entry-overview slide-loop-2 slide-parity-even  '><span class='av-partner-fake-img' style='padding-bottom:100%; background-image:url(https:\/\/www.kohlhage.de\/wp-content\/uploads\/2020\/07\/bild-kohlhage-kaltformteile_0001_2.png);'><\/span><\/div><div  class='slide-entry av-41k26-7bb996d5c8f57f5249c4d8e47326bafd flex_column no_margin av_one_eighth real-thumbnail post-entry slide-entry-overview slide-loop-3 slide-parity-odd  '><span class='av-partner-fake-img' style='padding-bottom:100%; background-image:url(https:\/\/www.kohlhage.de\/wp-content\/uploads\/2020\/07\/bild-kohlhage-kaltformteile_0002_3.png);'><\/span><\/div><div  class='slide-entry av-3d5cu-b034dc2b51ef8670aeeb6d09bdbad7fe flex_column no_margin av_one_eighth real-thumbnail post-entry slide-entry-overview slide-loop-4 slide-parity-even  '><span class='av-partner-fake-img' style='padding-bottom:100%; background-image:url(https:\/\/www.kohlhage.de\/wp-content\/uploads\/2020\/07\/bild-kohlhage-kaltformteile_0003_4.png);'><\/span><\/div><div  class='slide-entry av-2kajm-3ac5edb3ad96378b02b7427dcfb55b08 flex_column no_margin av_one_eighth real-thumbnail post-entry slide-entry-overview slide-loop-5 slide-parity-odd  '><span class='av-partner-fake-img' style='padding-bottom:100%; background-image:url(https:\/\/www.kohlhage.de\/wp-content\/uploads\/2020\/07\/bild-kohlhage-kaltformteile_0004_5.png);'><\/span><\/div><div  class='slide-entry av-26956-2ce7b525df6e1fb1223b92fabeaef5ff flex_column no_margin av_one_eighth real-thumbnail post-entry slide-entry-overview slide-loop-6 slide-parity-even  '><span class='av-partner-fake-img' style='padding-bottom:100%; background-image:url(https:\/\/www.kohlhage.de\/wp-content\/uploads\/2020\/07\/bild-kohlhage-kaltformteile_0005_6.png);'><\/span><\/div><div  class='slide-entry av-1f4zi-548eeb0870668af69a16e86e213989d1 flex_column no_margin av_one_eighth real-thumbnail post-entry slide-entry-overview slide-loop-7 slide-parity-odd  '><span class='av-partner-fake-img' style='padding-bottom:100%; background-image:url(https:\/\/www.kohlhage.de\/wp-content\/uploads\/2020\/07\/bild-kohlhage-kaltformteile_0006_7.png);'><\/span><\/div><div  class='slide-entry av-q92q-f21e2354e444bed239aa9cd8344c2c3b flex_column no_margin av_one_eighth real-thumbnail post-entry slide-entry-overview slide-loop-8 slide-parity-even post-entry-last '><span class='av-partner-fake-img' style='padding-bottom:100%; background-image:url(https:\/\/www.kohlhage.de\/wp-content\/uploads\/2020\/07\/bild-kohlhage-kaltformteile_0007_8.png);'><\/span><\/div><\/div><\/div><\/div><\/div>\n<\/div><\/div><\/div><!-- close content main div --><\/div><\/div><div id='av-layout-grid-1'  class='av-layout-grid-container av-1xv8tg-862198386f3f6141045f47e14eca8f90 entry-content-wrapper main_color av-flex-cells  avia-builder-el-3  el_after_av_one_full  el_before_av_postcontent  grid-row-not-first  container_wrap sidebar_right'  >\n\n<style type=\"text\/css\" data-created_by=\"avia_inline_auto\" id=\"style-css-av-t68uk-2b657ef47deacec8d6d1105a71f9aa59\">\n.flex_cell.av-t68uk-2b657ef47deacec8d6d1105a71f9aa59{\nvertical-align:top;\n}\n.responsive #top #wrap_all .flex_cell.av-t68uk-2b657ef47deacec8d6d1105a71f9aa59{\npadding:30px 20px 30px 60px !important;\n}\n<\/style>\n<div class='flex_cell av-t68uk-2b657ef47deacec8d6d1105a71f9aa59 av-gridrow-cell av_one_full no_margin  avia-builder-el-4  avia-builder-el-no-sibling  content-align-top'  ><div class='flex_cell_inner'><p>\n<style type=\"text\/css\" data-created_by=\"avia_inline_auto\" id=\"style-css-av-3knefo-0b2801011d5ec515051d09398aed186b\">\n.flex_column.av-3knefo-0b2801011d5ec515051d09398aed186b{\nborder-radius:0px 0px 0px 0px;\npadding:0px 0px 0px 0px;\n}\n<\/style>\n<div  class='flex_column av-3knefo-0b2801011d5ec515051d09398aed186b av_one_full  avia-builder-el-5  el_before_av_one_full  avia-builder-el-first  first flex_column_div av-zero-column-padding  '     ><style type=\"text\/css\" data-created_by=\"avia_inline_auto\" id=\"style-css-av-av_heading-2311d8ba3f821dfca0430d7a1875c84d\">\n#top .av-special-heading.av-av_heading-2311d8ba3f821dfca0430d7a1875c84d{\npadding-bottom:10px;\n}\nbody .av-special-heading.av-av_heading-2311d8ba3f821dfca0430d7a1875c84d .av-special-heading-tag .heading-char{\nfont-size:25px;\n}\n.av-special-heading.av-av_heading-2311d8ba3f821dfca0430d7a1875c84d .av-subheading{\nfont-size:15px;\n}\n<\/style>\n<div  class='av-special-heading av-av_heading-2311d8ba3f821dfca0430d7a1875c84d av-special-heading-h1 blockquote modern-quote  avia-builder-el-6  avia-builder-el-no-sibling  av-linked-heading'><h1 class='av-special-heading-tag '  itemprop=\"headline\"  >Piezas formadas en fr\u00edo: considerablemente m\u00e1s baratas para las grandes series<\/h1><div class=\"special-heading-border\"><div class=\"special-heading-inner-border\"><\/div><\/div><\/div><\/div>\n<style type=\"text\/css\" data-created_by=\"avia_inline_auto\" id=\"style-css-av-5llg-b9b98d7349f5151e405064e110c51765\">\n.flex_column.av-5llg-b9b98d7349f5151e405064e110c51765{\nborder-radius:0px 0px 0px 0px;\npadding:0px 0px 0px 0px;\n}\n<\/style>\n<div  class='flex_column av-5llg-b9b98d7349f5151e405064e110c51765 av_one_full  avia-builder-el-7  el_after_av_one_full  avia-builder-el-last  first flex_column_div av-zero-column-padding  column-top-margin'     ><section  class='av_textblock_section av-1gvsm-af04ec5e4aadc8ba98226d330c06c835 '   itemscope=\"itemscope\" itemtype=\"https:\/\/schema.org\/CreativeWork\" ><div class='avia_textblock'  itemprop=\"text\" ><p>Las piezas formadas en fr\u00edo se reconocen por su estructura superficial. Se ve que el metal (alambre, chapa) ha adquirido una forma diferente bajo la influencia de grandes fuerzas. Los productos formados en fr\u00edo tienen, por tanto, geometr\u00edas algo m\u00e1s redondeadas debido al proceso de producci\u00f3n. Sin embargo, en los \u00faltimos a\u00f1os los fabricantes de prensas multietapa han trabajado para minimizar las posibles variaciones de tolerancia. Como resultado, las piezas formadas en fr\u00edo pueden producirse ahora con tolerancias geom\u00e9tricas casi iguales a las piezas torneadas.<\/p>\n<p>Debido a los elevados costes de utillaje y preparaci\u00f3n, los asesores de tecnolog\u00eda de aplicaciones de <b>KOHLHAGE\u00a0<\/b>Fasteners solo recomiendan el formado en fr\u00edo como proceso de producci\u00f3n cuando se vayan a fabricar grandes cantidades.<\/p>\n<\/div><\/section><\/div><\/p>\n<\/div><\/div><\/div>[av_layout_row border='' min_height_percent='' min_height_pc='25' min_height='0' color='main_color' mobile='av-flex-cells' id='' av_element_hidden_in_editor='0' mobile_breaking='' av-small-hide='aviaTBav-small-hide' av-mini-hide='aviaTBav-mini-hide' av_uid='av-1gdke6' custom_class='']\n\n[av_cell_one_fifth av_uid='av-bunpu6']\n\n[\/av_cell_one_fifth][av_cell_three_fifth av_uid='av-arqtqm']\n\n[av_one_fifth first min_height='' vertical_alignment='av-align-top' space='' margin='0px' margin_sync='true' row_boxshadow_color='' row_boxshadow_width='10' link='' linktarget='' link_hover='' title_attr='' alt_attr='' padding='0px,15px,0px,15px' highlight_size='1.1' border='' border_color='' radius='0px' radius_sync='true' column_boxshadow_color='' column_boxshadow_width='10' background='bg_color' background_color='' background_gradient_color1='' background_gradient_color2='' background_gradient_direction='vertical' src='' attachment='' attachment_size='' background_position='top left' background_repeat='repeat' animation='' mobile_breaking='' mobile_display='' av_uid='av-k9ladck7' custom_class='']\n\n[av_image src='https:\/\/www.kohlhage.de\/wp-content\/uploads\/2020\/05\/karriere-icons_bild-kohlhage-kontakt-272x300.png' attachment='3036' attachment_size='medium' align='center' styling='' hover='' link='manually,https:\/\/www.kohlhage.de\/es\/kohlhage-servicios\/contacto\/' target='' caption='' font_size='' appearance='' overlay_opacity='0.4' overlay_color='#000000' overlay_text_color='#ffffff' copyright='' animation='no-animation' av_uid='av-k9lafuku' custom_class='' admin_preview_bg=''][\/av_image]\n\n[av_heading heading='Contacto' tag='h3' link='manually,http:\/\/' link_target='' style='blockquote modern-quote modern-centered' size='' subheading_active='' subheading_size='15' margin='14px,,,' padding='10' color='custom-color-heading' custom_font='#007749' custom_class='' id='' admin_preview_bg='' av-desktop-hide='' av-medium-hide='' av-small-hide='' av-mini-hide='' av-medium-font-size-title='' av-small-font-size-title='' av-mini-font-size-title='' av-medium-font-size='' av-small-font-size='' av-mini-font-size='' av_uid='av-9kp6pa'][\/av_heading]\n\n[\/av_one_fifth][av_one_fifth min_height='' vertical_alignment='av-align-top' space='' custom_margin='aviaTBcustom_margin' margin='0px' margin_sync='true' row_boxshadow_color='' row_boxshadow_width='10' link='' linktarget='' link_hover='' title_attr='' alt_attr='' padding='0px,15px,0px,15px' highlight_size='1.1' border='' border_color='' radius='0px' radius_sync='true' column_boxshadow_color='' column_boxshadow_width='10' background='bg_color' background_color='' background_gradient_color1='' background_gradient_color2='' background_gradient_direction='vertical' src='' attachment='' attachment_size='' background_position='top left' background_repeat='repeat' animation='' mobile_breaking='' mobile_display='' av_uid='av-k9ladck7' custom_class='']\n\n[av_image src='https:\/\/www.kohlhage.de\/wp-content\/uploads\/2020\/05\/karriere-icons_bild-kohlhage-offene-stellen-272x300.png' attachment='3038' attachment_size='medium' align='center' styling='' hover='' link='manually,https:\/\/karriere.kohlhage.de' target='' caption='' font_size='' appearance='' overlay_opacity='0.4' overlay_color='#000000' overlay_text_color='#ffffff' copyright='' animation='no-animation' av_uid='av-k9lafuku' custom_class='' admin_preview_bg=''][\/av_image]\n\n[av_heading heading='Carrera' tag='h3' link='manually,http:\/\/' link_target='' style='blockquote modern-quote modern-centered' size='' subheading_active='' subheading_size='15' margin='14px,,,' padding='10' color='custom-color-heading' custom_font='#007749' custom_class='' id='' admin_preview_bg='' av-desktop-hide='' av-medium-hide='' av-small-hide='' av-mini-hide='' av-medium-font-size-title='' av-small-font-size-title='' av-mini-font-size-title='' av-medium-font-size='' av-small-font-size='' av-mini-font-size='' av_uid='av-7pv2by'][\/av_heading]\n\n[\/av_one_fifth][av_one_fifth min_height='av-equal-height-column' vertical_alignment='av-align-top' space='' margin='0px' margin_sync='true' row_boxshadow_color='' row_boxshadow_width='10' link='' linktarget='' link_hover='' title_attr='' alt_attr='' padding='0px,15px,0px,15px' highlight_size='1.1' border='' border_color='' radius='0px' radius_sync='true' column_boxshadow_color='' column_boxshadow_width='10' background='bg_color' background_color='' background_gradient_color1='' background_gradient_color2='' background_gradient_direction='vertical' src='' attachment='' attachment_size='' background_position='top left' background_repeat='repeat' animation='' mobile_breaking='' mobile_display='' av_uid='av-k9ladck7' custom_class='']\n\n[av_image src='https:\/\/www.kohlhage.de\/wp-content\/uploads\/2020\/05\/karriere-icons_bild-kohlhage-news-272x300.png' attachment='3037' attachment_size='medium' align='center' styling='' hover='' link='manually,https:\/\/www.kohlhage.de\/es\/kohlhage-servicios\/noticias\/' target='' caption='' font_size='' appearance='' overlay_opacity='0.4' overlay_color='#000000' overlay_text_color='#ffffff' copyright='' animation='no-animation' av_uid='av-k9lafuku' custom_class='' admin_preview_bg=''][\/av_image]\n\n[av_heading heading='Noticias' tag='h3' link='manually,http:\/\/' link_target='' style='blockquote modern-quote modern-centered' size='' subheading_active='' subheading_size='15' margin='14px,,,' padding='10' color='custom-color-heading' custom_font='#007749' custom_class='' id='' admin_preview_bg='' av-desktop-hide='' av-medium-hide='' av-small-hide='' av-mini-hide='' av-medium-font-size-title='' av-small-font-size-title='' av-mini-font-size-title='' av-medium-font-size='' av-small-font-size='' av-mini-font-size='' av_uid='av-5ykh0e'][\/av_heading]\n\n[\/av_one_fifth][av_one_fifth min_height='' vertical_alignment='av-align-top' space='' margin='0px' margin_sync='true' row_boxshadow_color='' row_boxshadow_width='10' link='' linktarget='' link_hover='' title_attr='' alt_attr='' padding='0px,15px,0px,15px' highlight_size='1.1' border='' border_color='' radius='0px' radius_sync='true' column_boxshadow_color='' column_boxshadow_width='10' background='bg_color' background_color='' background_gradient_color1='' background_gradient_color2='' background_gradient_direction='vertical' src='' attachment='' attachment_size='' background_position='top left' background_repeat='repeat' animation='' mobile_breaking='' mobile_display='' av_uid='av-k9ladck7' custom_class='']\n\n[av_image src='https:\/\/www.kohlhage.de\/wp-content\/uploads\/2020\/05\/karriere-icons_bild-kohlhage-downloads-1-272x300.png' attachment='3052' attachment_size='medium' align='center' styling='' hover='' link='manually,https:\/\/www.kohlhage.de\/es\/kohlhage-servicios\/descargas\/' target='' caption='' font_size='' appearance='' overlay_opacity='0.4' overlay_color='#000000' overlay_text_color='#ffffff' copyright='' animation='no-animation' av_uid='av-k9lafuku' custom_class='' admin_preview_bg=''][\/av_image]\n\n[av_heading heading='Descargar' tag='h3' link='manually,http:\/\/' link_target='' style='blockquote modern-quote modern-centered' size='' subheading_active='' subheading_size='15' margin='14px,,,' padding='10' color='custom-color-heading' custom_font='#007749' custom_class='' id='' admin_preview_bg='' av-desktop-hide='' av-medium-hide='' av-small-hide='' av-mini-hide='' av-medium-font-size-title='' av-small-font-size-title='' av-mini-font-size-title='' av-medium-font-size='' av-small-font-size='' av-mini-font-size='' av_uid='av-3zu6ce'][\/av_heading]\n\n[\/av_one_fifth][av_one_fifth min_height='' vertical_alignment='av-align-top' space='' margin='0px' margin_sync='true' row_boxshadow_color='' row_boxshadow_width='10' link='' linktarget='' link_hover='' title_attr='' alt_attr='' padding='0px,15px,0px,15px' highlight_size='1.1' border='' border_color='' radius='0px' radius_sync='true' column_boxshadow_color='' column_boxshadow_width='10' background='bg_color' background_color='' background_gradient_color1='' background_gradient_color2='' background_gradient_direction='vertical' src='' attachment='' attachment_size='' background_position='top left' background_repeat='repeat' animation='' mobile_breaking='' mobile_display='' av_uid='av-k9ladck7' custom_class='']\n\n[av_image src='https:\/\/www.kohlhage.de\/wp-content\/uploads\/2021\/10\/kohlhage_pikto_zertifikat.png' attachment='8913' attachment_size='full' copyright='' caption='' styling='' align='center' font_size='' overlay_opacity='0.4' overlay_color='#000000' overlay_text_color='#ffffff' animation='no-animation' hover='' appearance='' link='manually,https:\/\/www.kohlhage.de\/es\/kohlhage-servicios\/certificaciones\/' target='' title_attr='' alt_attr='' id='' custom_class='' av_element_hidden_in_editor='0' av_uid='av-k9lafuku' admin_preview_bg=''][\/av_image]\n\n[av_heading heading='Certificaciones' tag='h3' link='manually,http:\/\/' link_target='' style='blockquote modern-quote modern-centered' size='' subheading_active='' subheading_size='15' margin='14px,,,' padding='10' color='custom-color-heading' custom_font='#007749' custom_class='' id='' admin_preview_bg='' av-desktop-hide='' av-medium-hide='' av-small-hide='' av-mini-hide='' av-medium-font-size-title='' av-small-font-size-title='' av-mini-font-size-title='' av-medium-font-size='' av-small-font-size='' av-mini-font-size='' av_uid='av-2biyri'][\/av_heading]\n\n[\/av_one_fifth][\/av_cell_three_fifth][av_cell_one_fifth vertical_align='top' padding='30px' background='bg_color' background_color='' background_gradient_color1='' background_gradient_color2='' background_gradient_direction='vertical' src='' background_attachment='scroll' background_position='top left' background_repeat='no-repeat' link='' linktarget='' link_hover='' mobile_display='' av_uid='av-9jvtlq']\n\n[\/av_cell_one_fifth][\/av_layout_row]<\/p>\n","protected":false},"excerpt":{"rendered":"","protected":false},"author":3,"featured_media":0,"parent":5358,"menu_order":80,"comment_status":"closed","ping_status":"closed","template":"","meta":{"footnotes":""},"class_list":["post-5408","page","type-page","status-publish","hentry"],"_links":{"self":[{"href":"https:\/\/www.kohlhage.de\/es\/wp-json\/wp\/v2\/pages\/5408","targetHints":{"allow":["GET"]}}],"collection":[{"href":"https:\/\/www.kohlhage.de\/es\/wp-json\/wp\/v2\/pages"}],"about":[{"href":"https:\/\/www.kohlhage.de\/es\/wp-json\/wp\/v2\/types\/page"}],"author":[{"embeddable":true,"href":"https:\/\/www.kohlhage.de\/es\/wp-json\/wp\/v2\/users\/3"}],"replies":[{"embeddable":true,"href":"https:\/\/www.kohlhage.de\/es\/wp-json\/wp\/v2\/comments?post=5408"}],"version-history":[{"count":11,"href":"https:\/\/www.kohlhage.de\/es\/wp-json\/wp\/v2\/pages\/5408\/revisions"}],"predecessor-version":[{"id":8169,"href":"https:\/\/www.kohlhage.de\/es\/wp-json\/wp\/v2\/pages\/5408\/revisions\/8169"}],"up":[{"embeddable":true,"href":"https:\/\/www.kohlhage.de\/es\/wp-json\/wp\/v2\/pages\/5358"}],"wp:attachment":[{"href":"https:\/\/www.kohlhage.de\/es\/wp-json\/wp\/v2\/media?parent=5408"}],"curies":[{"name":"wp","href":"https:\/\/api.w.org\/{rel}","templated":true}]}}