{"id":5446,"date":"2021-03-11T10:56:03","date_gmt":"2021-03-11T09:56:03","guid":{"rendered":"https:\/\/www.kohlhage.de\/productos\/kohlhage-fasteners-2\/torneados\/"},"modified":"2021-05-12T11:27:00","modified_gmt":"2021-05-12T09:27:00","slug":"torneados","status":"publish","type":"page","link":"https:\/\/www.kohlhage.de\/es\/productos\/kohlhage-fasteners-2\/torneados\/","title":{"rendered":"Torneados"},"content":{"rendered":"<div id='full_slider_1'  class='avia-fullwidth-slider main_color avia-shadow   avia-builder-el-0  el_before_av_one_full  avia-builder-el-first   container_wrap sidebar_right'  ><div  class='avia-slideshow av-mqwxgp-d9df26dfa3b56e2a324ba21020d93dba avia-slideshow-no scaling av_slideshow_full avia-fade-slider av-slideshow-ui av-control-default av-slideshow-autoplay av-loop-endless av-loop-manual-endless av-default-height-applied   avia-slideshow-1' data-slideshow-options=\"{&quot;animation&quot;:&quot;fade&quot;,&quot;autoplay&quot;:true,&quot;loop_autoplay&quot;:&quot;endless&quot;,&quot;interval&quot;:5,&quot;loop_manual&quot;:&quot;manual-endless&quot;,&quot;autoplay_stopper&quot;:false,&quot;noNavigation&quot;:false,&quot;bg_slider&quot;:false,&quot;keep_padding&quot;:false,&quot;hoverpause&quot;:false,&quot;show_slide_delay&quot;:0}\"  itemprop=\"image\" itemscope=\"itemscope\" itemtype=\"https:\/\/schema.org\/ImageObject\" ><ul class='avia-slideshow-inner ' style='padding-bottom: 22.45%;'><li  class='avia-slideshow-slide av-mqwxgp-d9df26dfa3b56e2a324ba21020d93dba__0  av-single-slide slide-1 slide-odd'><div data-rel='slideshow-1' class='avia-slide-wrap '   ><img decoding=\"async\" fetchpriority=\"high\" class=\"wp-image-6632 avia-img-lazy-loading-not-6632\"  src=\"https:\/\/www.kohlhage.de\/wp-content\/uploads\/2017\/08\/kohlhage-bild-teaser-video.jpg\" width=\"2000\" height=\"449\" title='kohlhage-bild-teaser-video' alt=''  itemprop=\"thumbnailUrl\" srcset=\"https:\/\/www.kohlhage.de\/wp-content\/uploads\/2017\/08\/kohlhage-bild-teaser-video.jpg 2000w, https:\/\/www.kohlhage.de\/wp-content\/uploads\/2017\/08\/kohlhage-bild-teaser-video-300x67.jpg 300w, https:\/\/www.kohlhage.de\/wp-content\/uploads\/2017\/08\/kohlhage-bild-teaser-video-768x172.jpg 768w, https:\/\/www.kohlhage.de\/wp-content\/uploads\/2017\/08\/kohlhage-bild-teaser-video-1030x231.jpg 1030w, https:\/\/www.kohlhage.de\/wp-content\/uploads\/2017\/08\/kohlhage-bild-teaser-video-1500x337.jpg 1500w, https:\/\/www.kohlhage.de\/wp-content\/uploads\/2017\/08\/kohlhage-bild-teaser-video-705x158.jpg 705w, https:\/\/www.kohlhage.de\/wp-content\/uploads\/2017\/08\/kohlhage-bild-teaser-video-450x101.jpg 450w\" sizes=\"(max-width: 2000px) 100vw, 2000px\" \/><\/div><\/li><\/ul><\/div><\/div><div id='after_full_slider_1'  class='main_color av_default_container_wrap container_wrap sidebar_right'  ><div class='container av-section-cont-open' ><div class='template-page content  av-content-small alpha units'><div class='post-entry post-entry-type-page post-entry-5446'><div class='entry-content-wrapper clearfix'>\n\n<style type=\"text\/css\" data-created_by=\"avia_inline_auto\" id=\"style-css-av-k9vbp4di-e2b8fb3aa7cbd5756f7fe79424654f4e\">\n#top .flex_column.av-k9vbp4di-e2b8fb3aa7cbd5756f7fe79424654f4e{\nmargin-top:-100px;\nmargin-bottom:-120px;\n}\n.flex_column.av-k9vbp4di-e2b8fb3aa7cbd5756f7fe79424654f4e{\nborder-radius:0px 0px 0px 0px;\npadding:0px 0px 0px 0px;\n}\n.responsive #top #wrap_all .flex_column.av-k9vbp4di-e2b8fb3aa7cbd5756f7fe79424654f4e{\nmargin-top:-100px;\nmargin-bottom:-120px;\n}\n<\/style>\n<div  class='flex_column av-k9vbp4di-e2b8fb3aa7cbd5756f7fe79424654f4e av_one_full  avia-builder-el-1  el_after_av_slideshow_full  el_before_av_layout_row  avia-builder-el-no-sibling  first flex_column_div av-hide-on-mobile av-zero-column-padding  '     ><div  class='avia-logo-element-container av-k9vbgb6b-f77d9876d70cd23883c4bdefabd957ec av-border-deactivate avia-logo-grid avia-content-slider avia-smallarrow-slider avia-content-grid-active noHover avia-content-slider-even  avia-builder-el-2  avia-builder-el-no-sibling  avia-content-slider1' ><div class='avia-smallarrow-slider-heading  no-logo-slider-heading '><\/div><div class=\"avia-content-slider-inner\"><div class=\"slide-entry-wrap\"><div  class='slide-entry av-cw60dl-35866549bc492c3c4e10c503d1fe30d3 flex_column no_margin av_one_eighth real-thumbnail post-entry slide-entry-overview slide-loop-1 slide-parity-odd  first'><span class='av-partner-fake-img' style='padding-bottom:100%; background-image:url(https:\/\/www.kohlhage.de\/wp-content\/uploads\/2020\/07\/drehteile-thumbs_0000_bild-kohlhage-drehteile-6.png);'><\/span><\/div><div  class='slide-entry av-bg9nkp-4839445f805f3aacc2fa8de7dbcad375 flex_column no_margin av_one_eighth real-thumbnail post-entry slide-entry-overview slide-loop-2 slide-parity-even  '><span class='av-partner-fake-img' style='padding-bottom:100%; background-image:url(https:\/\/www.kohlhage.de\/wp-content\/uploads\/2020\/07\/drehteile-thumbs_0001_bild-kohlhage-drehteile-1.png);'><\/span><\/div><div  class='slide-entry av-9sn3c9-683e06482aa5918a54070d700fe2ec39 flex_column no_margin av_one_eighth real-thumbnail post-entry slide-entry-overview slide-loop-3 slide-parity-odd  '><span class='av-partner-fake-img' style='padding-bottom:100%; background-image:url(https:\/\/www.kohlhage.de\/wp-content\/uploads\/2020\/07\/drehteile-thumbs_0002_bild-kohlhage-drehteile-2.png);'><\/span><\/div><div  class='slide-entry av-ro9xl-328fabf28a2667ef484e716a8d07e6c3 flex_column no_margin av_one_eighth real-thumbnail post-entry slide-entry-overview slide-loop-4 slide-parity-even  '><span class='av-partner-fake-img' style='padding-bottom:100%; background-image:url(https:\/\/www.kohlhage.de\/wp-content\/uploads\/2020\/07\/drehteile-thumbs_0003_bild-kohlhage-drehteile-3.png);'><\/span><\/div><div  class='slide-entry av-5ja9c9-7a29df0e82c83eae623f0ff95fda3346 flex_column no_margin av_one_eighth real-thumbnail post-entry slide-entry-overview slide-loop-5 slide-parity-odd  '><span class='av-partner-fake-img' style='padding-bottom:100%; background-image:url(https:\/\/www.kohlhage.de\/wp-content\/uploads\/2020\/07\/drehteile-thumbs_0004_bild-kohlhage-drehteile-4.png);'><\/span><\/div><div  class='slide-entry av-3meend-0985e1a611c3b31c21a34243c94a354d flex_column no_margin av_one_eighth real-thumbnail post-entry slide-entry-overview slide-loop-6 slide-parity-even  '><span class='av-partner-fake-img' style='padding-bottom:100%; background-image:url(https:\/\/www.kohlhage.de\/wp-content\/uploads\/2020\/07\/drehteile-thumbs_0005_bild-kohlhage-drehteile-5.png);'><\/span><\/div><div  class='slide-entry av-20qkpl-f5f9a6eae5b4c6ae1cfc5cb0bae020aa flex_column no_margin av_one_eighth real-thumbnail post-entry slide-entry-overview slide-loop-7 slide-parity-odd post-entry-last '><span class='av-partner-fake-img' style='padding-bottom:100%; background-image:url(https:\/\/www.kohlhage.de\/wp-content\/uploads\/2020\/07\/drehteile-thumbs_0006_bild-kohlhage-drehteile-7.png);'><\/span><\/div><\/div><\/div><\/div><\/div>\n<\/div><\/div><\/div><!-- close content main div --><\/div><\/div><div id='av-layout-grid-1'  class='av-layout-grid-container av-1xv8tg-862198386f3f6141045f47e14eca8f90 entry-content-wrapper main_color av-flex-cells  avia-builder-el-3  el_after_av_one_full  el_before_av_postcontent  grid-row-not-first  container_wrap sidebar_right'  >\n\n<style type=\"text\/css\" data-created_by=\"avia_inline_auto\" id=\"style-css-av-t68uk-2b657ef47deacec8d6d1105a71f9aa59\">\n.flex_cell.av-t68uk-2b657ef47deacec8d6d1105a71f9aa59{\nvertical-align:top;\n}\n.responsive #top #wrap_all .flex_cell.av-t68uk-2b657ef47deacec8d6d1105a71f9aa59{\npadding:30px 20px 30px 60px !important;\n}\n<\/style>\n<div class='flex_cell av-t68uk-2b657ef47deacec8d6d1105a71f9aa59 av-gridrow-cell av_one_full no_margin  avia-builder-el-4  avia-builder-el-no-sibling  content-align-top'  ><div class='flex_cell_inner'><p>\n<style type=\"text\/css\" data-created_by=\"avia_inline_auto\" id=\"style-css-av-3knefo-0b2801011d5ec515051d09398aed186b\">\n.flex_column.av-3knefo-0b2801011d5ec515051d09398aed186b{\nborder-radius:0px 0px 0px 0px;\npadding:0px 0px 0px 0px;\n}\n<\/style>\n<div  class='flex_column av-3knefo-0b2801011d5ec515051d09398aed186b av_one_full  avia-builder-el-5  el_before_av_one_full  avia-builder-el-first  first flex_column_div av-zero-column-padding  '     ><style type=\"text\/css\" data-created_by=\"avia_inline_auto\" id=\"style-css-av-av_heading-8fb35470712eef217d8b0caf5558a254\">\n#top .av-special-heading.av-av_heading-8fb35470712eef217d8b0caf5558a254{\npadding-bottom:10px;\n}\nbody .av-special-heading.av-av_heading-8fb35470712eef217d8b0caf5558a254 .av-special-heading-tag .heading-char{\nfont-size:25px;\n}\n.av-special-heading.av-av_heading-8fb35470712eef217d8b0caf5558a254 .av-subheading{\nfont-size:15px;\n}\n<\/style>\n<div  class='av-special-heading av-av_heading-8fb35470712eef217d8b0caf5558a254 av-special-heading-h1 blockquote modern-quote  avia-builder-el-6  avia-builder-el-no-sibling  av-linked-heading'><h1 class='av-special-heading-tag '  itemprop=\"headline\"  >Piezas torneadas &#8211; Precisas, para prototipos y peque\u00f1as series<\/h1><div class=\"special-heading-border\"><div class=\"special-heading-inner-border\"><\/div><\/div><\/div><\/div>\n<style type=\"text\/css\" data-created_by=\"avia_inline_auto\" id=\"style-css-av-340r7d-21a702eddbaa92ca36b451978ec7a36b\">\n.flex_column.av-340r7d-21a702eddbaa92ca36b451978ec7a36b{\nborder-radius:0px 0px 0px 0px;\npadding:0px 0px 0px 0px;\n}\n<\/style>\n<div  class='flex_column av-340r7d-21a702eddbaa92ca36b451978ec7a36b av_one_full  avia-builder-el-7  el_after_av_one_full  avia-builder-el-last  first flex_column_div av-zero-column-padding  column-top-margin'     ><section  class='av_textblock_section av-43zjux-fc882e93840d793cd5ff603d4b3c6fc6 '   itemscope=\"itemscope\" itemtype=\"https:\/\/schema.org\/CreativeWork\" ><div class='avia_textblock'  itemprop=\"text\" ><p><img loading=\"lazy\" decoding=\"async\" class=\"wp-image-5448 alignright\" src=\"https:\/\/www.kohlhage.de\/wp-content\/uploads\/2020\/07\/bild-kohlhage-drehteile-produkt-im-text-1.png\" alt=\"\" width=\"296\" height=\"190\" srcset=\"https:\/\/www.kohlhage.de\/wp-content\/uploads\/2020\/07\/bild-kohlhage-drehteile-produkt-im-text-1.png 543w, https:\/\/www.kohlhage.de\/wp-content\/uploads\/2020\/07\/bild-kohlhage-drehteile-produkt-im-text-1-300x193.png 300w, https:\/\/www.kohlhage.de\/wp-content\/uploads\/2020\/07\/bild-kohlhage-drehteile-produkt-im-text-1-450x289.png 450w\" sizes=\"auto, (max-width: 296px) 100vw, 296px\" \/><\/p>\n<p>Una de las mayores ventajas que ofrece la producci\u00f3n de piezas torneadas es la variabilidad de las cantidades. Mientras que en la tecnolog\u00eda de estampaci\u00f3n o de formaci\u00f3n solo pueden producirse cantidades grandes o muy grandes de forma econ\u00f3mica, las piezas torneadas tambi\u00e9n pueden producirse en cantidades peque\u00f1as y muy peque\u00f1as. Esto se debe a que no se requieren herramientas de complejos dise\u00f1os para su producci\u00f3n.<\/p>\n<p><strong><img loading=\"lazy\" decoding=\"async\" class=\"wp-image-5450 alignleft\" src=\"https:\/\/www.kohlhage.de\/wp-content\/uploads\/2020\/07\/bild-kohlhage-drehteile-text-2.png\" alt=\"\" width=\"297\" height=\"198\" srcset=\"https:\/\/www.kohlhage.de\/wp-content\/uploads\/2020\/07\/bild-kohlhage-drehteile-text-2.png 800w, https:\/\/www.kohlhage.de\/wp-content\/uploads\/2020\/07\/bild-kohlhage-drehteile-text-2-300x200.png 300w, https:\/\/www.kohlhage.de\/wp-content\/uploads\/2020\/07\/bild-kohlhage-drehteile-text-2-768x512.png 768w, https:\/\/www.kohlhage.de\/wp-content\/uploads\/2020\/07\/bild-kohlhage-drehteile-text-2-705x470.png 705w, https:\/\/www.kohlhage.de\/wp-content\/uploads\/2020\/07\/bild-kohlhage-drehteile-text-2-450x300.png 450w\" sizes=\"auto, (max-width: 297px) 100vw, 297px\" \/><\/strong><\/p>\n<p><strong>KOHLHAGE<\/strong> Fasteners aprovecha esta tecnolog\u00eda y produce<br \/>\npiezas torneadas de 2 a 80 mm de di\u00e1metro en m\u00e1quinas autom\u00e1ticas monohusillo y multihusillo. Tambi\u00e9n pueden integrarse directamente en el proceso de producci\u00f3n otros pasos de procesamiento, como el fresado y el taladrado CNC. La gama de materiales utilizados va desde el acero o el lat\u00f3n hasta el acero inoxidable o el aluminio.<\/p>\n<\/div><\/section><\/div><\/p>\n<\/div><\/div><\/div>[av_layout_row border='' min_height_percent='' min_height_pc='25' min_height='0' color='main_color' mobile='av-flex-cells' id='' av_element_hidden_in_editor='0' mobile_breaking='' av-small-hide='aviaTBav-small-hide' av-mini-hide='aviaTBav-mini-hide' av_uid='av-1gdke6' custom_class='']\n\n[av_cell_one_fifth av_uid='av-bunpu6']\n\n[\/av_cell_one_fifth][av_cell_three_fifth av_uid='av-arqtqm']\n\n[av_one_fifth first min_height='' vertical_alignment='av-align-top' space='' margin='0px' margin_sync='true' row_boxshadow_color='' row_boxshadow_width='10' link='' linktarget='' link_hover='' title_attr='' alt_attr='' padding='0px,15px,0px,15px' highlight_size='1.1' border='' border_color='' radius='0px' radius_sync='true' column_boxshadow_color='' column_boxshadow_width='10' background='bg_color' background_color='' background_gradient_color1='' background_gradient_color2='' background_gradient_direction='vertical' src='' attachment='' attachment_size='' background_position='top left' background_repeat='repeat' animation='' mobile_breaking='' mobile_display='' av_uid='av-k9ladck7' custom_class='']\n\n[av_image src='https:\/\/www.kohlhage.de\/wp-content\/uploads\/2020\/05\/karriere-icons_bild-kohlhage-kontakt-272x300.png' attachment='3036' attachment_size='medium' align='center' styling='' hover='' link='manually,https:\/\/www.kohlhage.de\/es\/kohlhage-servicios\/contacto\/' target='' caption='' font_size='' appearance='' overlay_opacity='0.4' overlay_color='#000000' overlay_text_color='#ffffff' copyright='' animation='no-animation' av_uid='av-k9lafuku' custom_class='' admin_preview_bg=''][\/av_image]\n\n[av_heading heading='Contacto' tag='h3' link='manually,http:\/\/' link_target='' style='blockquote modern-quote modern-centered' size='' subheading_active='' subheading_size='15' margin='14px,,,' padding='10' color='custom-color-heading' custom_font='#007749' custom_class='' id='' admin_preview_bg='' av-desktop-hide='' av-medium-hide='' av-small-hide='' av-mini-hide='' av-medium-font-size-title='' av-small-font-size-title='' av-mini-font-size-title='' av-medium-font-size='' av-small-font-size='' av-mini-font-size='' av_uid='av-9kp6pa'][\/av_heading]\n\n[\/av_one_fifth][av_one_fifth min_height='' vertical_alignment='av-align-top' space='' custom_margin='aviaTBcustom_margin' margin='0px' margin_sync='true' row_boxshadow_color='' row_boxshadow_width='10' link='' linktarget='' link_hover='' title_attr='' alt_attr='' padding='0px,15px,0px,15px' highlight_size='1.1' border='' border_color='' radius='0px' radius_sync='true' column_boxshadow_color='' column_boxshadow_width='10' background='bg_color' background_color='' background_gradient_color1='' background_gradient_color2='' background_gradient_direction='vertical' src='' attachment='' attachment_size='' background_position='top left' background_repeat='repeat' animation='' mobile_breaking='' mobile_display='' av_uid='av-k9ladck7' custom_class='']\n\n[av_image src='https:\/\/www.kohlhage.de\/wp-content\/uploads\/2020\/05\/karriere-icons_bild-kohlhage-offene-stellen-272x300.png' attachment='3038' attachment_size='medium' align='center' styling='' hover='' link='manually,https:\/\/karriere.kohlhage.de' target='' caption='' font_size='' appearance='' overlay_opacity='0.4' overlay_color='#000000' overlay_text_color='#ffffff' copyright='' animation='no-animation' av_uid='av-k9lafuku' custom_class='' admin_preview_bg=''][\/av_image]\n\n[av_heading heading='Carrera' tag='h3' link='manually,http:\/\/' link_target='' style='blockquote modern-quote modern-centered' size='' subheading_active='' subheading_size='15' margin='14px,,,' padding='10' color='custom-color-heading' custom_font='#007749' custom_class='' id='' admin_preview_bg='' av-desktop-hide='' av-medium-hide='' av-small-hide='' av-mini-hide='' av-medium-font-size-title='' av-small-font-size-title='' av-mini-font-size-title='' av-medium-font-size='' av-small-font-size='' av-mini-font-size='' av_uid='av-7pv2by'][\/av_heading]\n\n[\/av_one_fifth][av_one_fifth min_height='av-equal-height-column' vertical_alignment='av-align-top' space='' margin='0px' margin_sync='true' row_boxshadow_color='' row_boxshadow_width='10' link='' linktarget='' link_hover='' title_attr='' alt_attr='' padding='0px,15px,0px,15px' highlight_size='1.1' border='' border_color='' radius='0px' radius_sync='true' column_boxshadow_color='' column_boxshadow_width='10' background='bg_color' background_color='' background_gradient_color1='' background_gradient_color2='' background_gradient_direction='vertical' src='' attachment='' attachment_size='' background_position='top left' background_repeat='repeat' animation='' mobile_breaking='' mobile_display='' av_uid='av-k9ladck7' custom_class='']\n\n[av_image src='https:\/\/www.kohlhage.de\/wp-content\/uploads\/2020\/05\/karriere-icons_bild-kohlhage-news-272x300.png' attachment='3037' attachment_size='medium' align='center' styling='' hover='' link='manually,https:\/\/www.kohlhage.de\/es\/kohlhage-servicios\/noticias\/' target='' caption='' font_size='' appearance='' overlay_opacity='0.4' overlay_color='#000000' overlay_text_color='#ffffff' copyright='' animation='no-animation' av_uid='av-k9lafuku' custom_class='' admin_preview_bg=''][\/av_image]\n\n[av_heading heading='Noticias' tag='h3' link='manually,http:\/\/' link_target='' style='blockquote modern-quote modern-centered' size='' subheading_active='' subheading_size='15' margin='14px,,,' padding='10' color='custom-color-heading' custom_font='#007749' custom_class='' id='' admin_preview_bg='' av-desktop-hide='' av-medium-hide='' av-small-hide='' av-mini-hide='' av-medium-font-size-title='' av-small-font-size-title='' av-mini-font-size-title='' av-medium-font-size='' av-small-font-size='' av-mini-font-size='' av_uid='av-5ykh0e'][\/av_heading]\n\n[\/av_one_fifth][av_one_fifth min_height='' vertical_alignment='av-align-top' space='' margin='0px' margin_sync='true' row_boxshadow_color='' row_boxshadow_width='10' link='' linktarget='' link_hover='' title_attr='' alt_attr='' padding='0px,15px,0px,15px' highlight_size='1.1' border='' border_color='' radius='0px' radius_sync='true' column_boxshadow_color='' column_boxshadow_width='10' background='bg_color' background_color='' background_gradient_color1='' background_gradient_color2='' background_gradient_direction='vertical' src='' attachment='' attachment_size='' background_position='top left' background_repeat='repeat' animation='' mobile_breaking='' mobile_display='' av_uid='av-k9ladck7' custom_class='']\n\n[av_image src='https:\/\/www.kohlhage.de\/wp-content\/uploads\/2020\/05\/karriere-icons_bild-kohlhage-downloads-1-272x300.png' attachment='3052' attachment_size='medium' align='center' styling='' hover='' link='manually,https:\/\/www.kohlhage.de\/es\/kohlhage-servicios\/descargas\/' target='' caption='' font_size='' appearance='' overlay_opacity='0.4' overlay_color='#000000' overlay_text_color='#ffffff' copyright='' animation='no-animation' av_uid='av-k9lafuku' custom_class='' admin_preview_bg=''][\/av_image]\n\n[av_heading heading='Descargar' tag='h3' link='manually,http:\/\/' link_target='' style='blockquote modern-quote modern-centered' size='' subheading_active='' subheading_size='15' margin='14px,,,' padding='10' color='custom-color-heading' custom_font='#007749' custom_class='' id='' admin_preview_bg='' av-desktop-hide='' av-medium-hide='' av-small-hide='' av-mini-hide='' av-medium-font-size-title='' av-small-font-size-title='' av-mini-font-size-title='' av-medium-font-size='' av-small-font-size='' av-mini-font-size='' av_uid='av-3zu6ce'][\/av_heading]\n\n[\/av_one_fifth][av_one_fifth min_height='' vertical_alignment='av-align-top' space='' margin='0px' margin_sync='true' row_boxshadow_color='' row_boxshadow_width='10' link='' linktarget='' link_hover='' title_attr='' alt_attr='' padding='0px,15px,0px,15px' highlight_size='1.1' border='' border_color='' radius='0px' radius_sync='true' column_boxshadow_color='' column_boxshadow_width='10' background='bg_color' background_color='' background_gradient_color1='' background_gradient_color2='' background_gradient_direction='vertical' src='' attachment='' attachment_size='' background_position='top left' background_repeat='repeat' animation='' mobile_breaking='' mobile_display='' av_uid='av-k9ladck7' custom_class='']\n\n[av_image src='https:\/\/www.kohlhage.de\/wp-content\/uploads\/2021\/10\/kohlhage_pikto_zertifikat.png' attachment='8913' attachment_size='full' copyright='' caption='' styling='' align='center' font_size='' overlay_opacity='0.4' overlay_color='#000000' overlay_text_color='#ffffff' animation='no-animation' hover='' appearance='' link='manually,https:\/\/www.kohlhage.de\/es\/kohlhage-servicios\/certificaciones\/' target='' title_attr='' alt_attr='' id='' custom_class='' av_element_hidden_in_editor='0' av_uid='av-k9lafuku' admin_preview_bg=''][\/av_image]\n\n[av_heading heading='Certificaciones' tag='h3' link='manually,http:\/\/' link_target='' style='blockquote modern-quote modern-centered' size='' subheading_active='' subheading_size='15' margin='14px,,,' padding='10' color='custom-color-heading' custom_font='#007749' custom_class='' id='' admin_preview_bg='' av-desktop-hide='' av-medium-hide='' av-small-hide='' av-mini-hide='' av-medium-font-size-title='' av-small-font-size-title='' av-mini-font-size-title='' av-medium-font-size='' av-small-font-size='' av-mini-font-size='' av_uid='av-2biyri'][\/av_heading]\n\n[\/av_one_fifth][\/av_cell_three_fifth][av_cell_one_fifth vertical_align='top' padding='30px' background='bg_color' background_color='' background_gradient_color1='' background_gradient_color2='' background_gradient_direction='vertical' src='' background_attachment='scroll' background_position='top left' background_repeat='no-repeat' link='' linktarget='' link_hover='' mobile_display='' av_uid='av-9jvtlq']\n\n[\/av_cell_one_fifth][\/av_layout_row]<\/p>\n","protected":false},"excerpt":{"rendered":"","protected":false},"author":2,"featured_media":0,"parent":5358,"menu_order":95,"comment_status":"closed","ping_status":"closed","template":"","meta":{"footnotes":""},"class_list":["post-5446","page","type-page","status-publish","hentry"],"_links":{"self":[{"href":"https:\/\/www.kohlhage.de\/es\/wp-json\/wp\/v2\/pages\/5446","targetHints":{"allow":["GET"]}}],"collection":[{"href":"https:\/\/www.kohlhage.de\/es\/wp-json\/wp\/v2\/pages"}],"about":[{"href":"https:\/\/www.kohlhage.de\/es\/wp-json\/wp\/v2\/types\/page"}],"author":[{"embeddable":true,"href":"https:\/\/www.kohlhage.de\/es\/wp-json\/wp\/v2\/users\/2"}],"replies":[{"embeddable":true,"href":"https:\/\/www.kohlhage.de\/es\/wp-json\/wp\/v2\/comments?post=5446"}],"version-history":[{"count":14,"href":"https:\/\/www.kohlhage.de\/es\/wp-json\/wp\/v2\/pages\/5446\/revisions"}],"predecessor-version":[{"id":8185,"href":"https:\/\/www.kohlhage.de\/es\/wp-json\/wp\/v2\/pages\/5446\/revisions\/8185"}],"up":[{"embeddable":true,"href":"https:\/\/www.kohlhage.de\/es\/wp-json\/wp\/v2\/pages\/5358"}],"wp:attachment":[{"href":"https:\/\/www.kohlhage.de\/es\/wp-json\/wp\/v2\/media?parent=5446"}],"curies":[{"name":"wp","href":"https:\/\/api.w.org\/{rel}","templated":true}]}}