{"id":5486,"date":"2021-03-11T18:20:59","date_gmt":"2021-03-11T17:20:59","guid":{"rendered":"https:\/\/www.kohlhage.de\/campos-de-aplicacion\/tecnologia-de-transmision\/"},"modified":"2021-05-12T11:28:41","modified_gmt":"2021-05-12T09:28:41","slug":"tecnologia-de-transmision","status":"publish","type":"page","link":"https:\/\/www.kohlhage.de\/es\/campos-de-aplicacion\/tecnologia-de-transmision\/","title":{"rendered":"Tecnolog\u00eda de transmisi\u00f3n"},"content":{"rendered":"<div id='full_slider_1'  class='avia-fullwidth-slider main_color avia-shadow   avia-builder-el-0  el_before_av_layout_row  avia-builder-el-first   container_wrap sidebar_right'  ><div  class='avia-slideshow av-2a14mt-52e5b270e1708c2d241aa83ead142704 avia-slideshow-no scaling av_slideshow_full avia-fade-slider av-slideshow-ui av-control-default av-slideshow-autoplay av-loop-endless av-loop-manual-endless av-default-height-applied   avia-slideshow-1' data-slideshow-options=\"{&quot;animation&quot;:&quot;fade&quot;,&quot;autoplay&quot;:true,&quot;loop_autoplay&quot;:&quot;endless&quot;,&quot;interval&quot;:5,&quot;loop_manual&quot;:&quot;manual-endless&quot;,&quot;autoplay_stopper&quot;:false,&quot;noNavigation&quot;:false,&quot;bg_slider&quot;:false,&quot;keep_padding&quot;:false,&quot;hoverpause&quot;:false,&quot;show_slide_delay&quot;:0}\"  itemprop=\"image\" itemscope=\"itemscope\" itemtype=\"https:\/\/schema.org\/ImageObject\" ><ul class='avia-slideshow-inner ' style='padding-bottom: 22.5%;'><li  class='avia-slideshow-slide av-2a14mt-52e5b270e1708c2d241aa83ead142704__0  av-single-slide slide-1 slide-odd'><div data-rel='slideshow-1' class='avia-slide-wrap '   ><img decoding=\"async\" fetchpriority=\"high\" class=\"wp-image-6808 avia-img-lazy-loading-not-6808\"  src=\"https:\/\/www.kohlhage.de\/wp-content\/uploads\/2020\/06\/bild-kohlhage-getriebetechnik-1.jpg\" width=\"2000\" height=\"450\" title='' alt=''  itemprop=\"thumbnailUrl\" srcset=\"https:\/\/www.kohlhage.de\/wp-content\/uploads\/2020\/06\/bild-kohlhage-getriebetechnik-1.jpg 2000w, https:\/\/www.kohlhage.de\/wp-content\/uploads\/2020\/06\/bild-kohlhage-getriebetechnik-1-300x68.jpg 300w, https:\/\/www.kohlhage.de\/wp-content\/uploads\/2020\/06\/bild-kohlhage-getriebetechnik-1-768x173.jpg 768w, https:\/\/www.kohlhage.de\/wp-content\/uploads\/2020\/06\/bild-kohlhage-getriebetechnik-1-1030x232.jpg 1030w, https:\/\/www.kohlhage.de\/wp-content\/uploads\/2020\/06\/bild-kohlhage-getriebetechnik-1-1500x338.jpg 1500w, https:\/\/www.kohlhage.de\/wp-content\/uploads\/2020\/06\/bild-kohlhage-getriebetechnik-1-705x159.jpg 705w, https:\/\/www.kohlhage.de\/wp-content\/uploads\/2020\/06\/bild-kohlhage-getriebetechnik-1-450x101.jpg 450w\" sizes=\"(max-width: 2000px) 100vw, 2000px\" \/><\/div><\/li><\/ul><\/div><\/div>\n<div id='av-layout-grid-1'  class='av-layout-grid-container av-1xv8tg-862198386f3f6141045f47e14eca8f90 entry-content-wrapper main_color av-flex-cells  avia-builder-el-1  el_after_av_slideshow_full  el_before_av_postcontent  grid-row-not-first  container_wrap sidebar_right'  >\n\n<style type=\"text\/css\" data-created_by=\"avia_inline_auto\" id=\"style-css-av-1qpvdw-2095377a7a57fe986633f98c927078b0\">\n.flex_cell.av-1qpvdw-2095377a7a57fe986633f98c927078b0{\nvertical-align:top;\n}\n.responsive #top #wrap_all .flex_cell.av-1qpvdw-2095377a7a57fe986633f98c927078b0{\npadding:0px 0px 0px 0px !important;\n}\n<\/style>\n<div class='flex_cell av-1qpvdw-2095377a7a57fe986633f98c927078b0 av-gridrow-cell av_one_fourth no_margin  avia-builder-el-2  el_before_av_cell_three_fourth  avia-builder-el-first  content-align-top av-zero-padding'  ><div class='flex_cell_inner'><p>\n<style type=\"text\/css\" data-created_by=\"avia_inline_auto\" id=\"style-css-av-k9ladck7-b9855e583c527f6c648bcf33c666a7ab\">\n#top .flex_column.av-k9ladck7-b9855e583c527f6c648bcf33c666a7ab{\nmargin-top:15px;\nmargin-bottom:1px;\n}\n.flex_column.av-k9ladck7-b9855e583c527f6c648bcf33c666a7ab{\nborder-radius:0px 0px 0px 0px;\npadding:0px 0px 0px 0px;\nbackground:url(https:\/\/www.kohlhage.de\/wp-content\/uploads\/2020\/04\/kohlhage-hintergrund-transparent-mehr-gruen.png) 0% 0% repeat scroll ;\n}\n.responsive #top #wrap_all .flex_column.av-k9ladck7-b9855e583c527f6c648bcf33c666a7ab{\nmargin-top:15px;\nmargin-bottom:1px;\n}\n<\/style>\n<div  class='flex_column av-k9ladck7-b9855e583c527f6c648bcf33c666a7ab av_one_full  avia-builder-el-3  el_before_av_one_full  avia-builder-el-first  first flex_column_div av-zero-column-padding  '     ><style type=\"text\/css\" data-created_by=\"avia_inline_auto\" id=\"style-css-av-lddnx-a91468af4de5993e1fe0504ff26b06ef\">\n#top .av-special-heading.av-lddnx-a91468af4de5993e1fe0504ff26b06ef{\nmargin:15px 0 0 15px;\npadding-bottom:10px;\ncolor:#ffffff;\n}\nbody .av-special-heading.av-lddnx-a91468af4de5993e1fe0504ff26b06ef .av-special-heading-tag .heading-char{\nfont-size:25px;\n}\n.av-special-heading.av-lddnx-a91468af4de5993e1fe0504ff26b06ef .special-heading-inner-border{\nborder-color:#ffffff;\n}\n.av-special-heading.av-lddnx-a91468af4de5993e1fe0504ff26b06ef .av-subheading{\nfont-size:15px;\n}\n<\/style>\n<div  class='av-special-heading av-lddnx-a91468af4de5993e1fe0504ff26b06ef av-special-heading-h1 custom-color-heading blockquote modern-quote  avia-builder-el-4  avia-builder-el-no-sibling '><h1 class='av-special-heading-tag '  itemprop=\"headline\"  >Noticias<\/h1><div class=\"special-heading-border\"><div class=\"special-heading-inner-border\"><\/div><\/div><\/div><\/div>\n<style type=\"text\/css\" data-created_by=\"avia_inline_auto\" id=\"style-css-av-k9ladck7-e1f9fd56fffb6c379acb5e787e66d604\">\n#top .flex_column.av-k9ladck7-e1f9fd56fffb6c379acb5e787e66d604{\nmargin-top:0px;\nmargin-bottom:15px;\n}\n.flex_column.av-k9ladck7-e1f9fd56fffb6c379acb5e787e66d604{\nborder-radius:0px 0px 0px 0px;\npadding:0px 0px 0px 0px;\nbackground:url(https:\/\/www.kohlhage.de\/wp-content\/uploads\/2020\/04\/kohlhage-hintergrund-transparent-12-gruen.png) 0% 0% repeat scroll ;\n}\n.responsive #top #wrap_all .flex_column.av-k9ladck7-e1f9fd56fffb6c379acb5e787e66d604{\nmargin-top:0px;\nmargin-bottom:15px;\n}\n<\/style>\n<div  class='flex_column av-k9ladck7-e1f9fd56fffb6c379acb5e787e66d604 av_one_full  avia-builder-el-5  el_after_av_one_full  avia-builder-el-last  first flex_column_div av-zero-column-padding  column-top-margin'     ><div  class='av-alb-blogposts template-blog  av-blog-meta-author-disabled av-blog-meta-comments-disabled av-blog-meta-category-disabled av-blog-meta-date-disabled av-blog-meta-html-info-disabled av-blog-meta-tag-disabled '  itemscope=\"itemscope\" itemtype=\"https:\/\/schema.org\/Blog\" ><article class=\"post-entry post-entry-type-standard post-entry-12272 post-loop-1 post-parity-odd post-entry-last single-big with-slider post-12272 post type-post status-publish format-standard has-post-thumbnail hentry category-fasteners-es category-noticias-de-ferias tag-fastener-fair-global-es tag-fasteners-es tag-feria-de-elementos-de-fijacion tag-kohlhage-messe-es tag-messe-es tag-punto-de-encuentro-del-sector tag-tecnologia-de-conexion\"  itemscope=\"itemscope\" itemtype=\"https:\/\/schema.org\/BlogPosting\" ><div class=\"big-preview single-big\"  itemprop=\"image\" itemscope=\"itemscope\" itemtype=\"https:\/\/schema.org\/ImageObject\" ><a href=\"https:\/\/www.kohlhage.de\/es\/blog\/2025\/04\/09\/asi-fue-la-fastener-fair-global-2025\/\"  title=\"Image (3)\" ><img decoding=\"async\" loading=\"lazy\" width=\"845\" height=\"768\" src=\"https:\/\/www.kohlhage.de\/wp-content\/uploads\/2025\/04\/Image-3-845x768.jpeg\" class=\"wp-image-12260 avia-img-lazy-loading-12260 attachment-entry_with_sidebar size-entry_with_sidebar wp-post-image\" alt=\"\" \/><\/a><\/div><div class=\"blog-meta\"><\/div><div class='entry-content-wrapper clearfix standard-content'><header class=\"entry-content-header\" aria-label=\"Post: As\u00ed fue la Fastener Fair Global 2025\"><h2 class='post-title entry-title '  itemprop=\"headline\" ><a href=\"https:\/\/www.kohlhage.de\/es\/blog\/2025\/04\/09\/asi-fue-la-fastener-fair-global-2025\/\" rel=\"bookmark\" title=\"Enlace permanente: As\u00ed fue la Fastener Fair Global 2025\">As\u00ed fue la Fastener Fair Global 2025<span class=\"post-format-icon minor-meta\"><\/span><\/a><\/h2><span class=\"post-meta-infos\"><\/span><\/header><div class=\"entry-content\"  itemprop=\"text\" ><div class=\"read-more-link\"><a href=\"https:\/\/www.kohlhage.de\/es\/blog\/2025\/04\/09\/asi-fue-la-fastener-fair-global-2025\/\" class=\"more-link\">Leer m\u00e1s<span class='more-link-arrow avia-svg-icon avia-font-svg_entypo-fontello' data-av_svg_icon='right-open-big' data-av_iconset='svg_entypo-fontello'><svg version=\"1.1\" xmlns=\"http:\/\/www.w3.org\/2000\/svg\" width=\"15\" height=\"32\" viewBox=\"0 0 15 32\" preserveAspectRatio=\"xMidYMid meet\" role=\"graphics-symbol\" aria-hidden=\"true\">\n<path d=\"M0.416 27.84l11.456-11.84-11.456-11.904q-0.832-0.832 0-1.536 0.832-0.832 1.536 0l12.544 12.608q0.768 0.832 0 1.6l-12.544 12.608q-0.704 0.832-1.536 0-0.832-0.704 0-1.536z\"><\/path>\n<\/svg><\/span><\/a><\/div>\n<\/div><footer class=\"entry-footer\"><\/footer><div class='post_delimiter'><\/div><\/div><div class=\"post_author_timeline\"><\/div><span class='hidden'>\n\t\t\t\t<span class='av-structured-data'  itemprop=\"image\" itemscope=\"itemscope\" itemtype=\"https:\/\/schema.org\/ImageObject\" >\n\t\t\t\t\t\t<span itemprop='url'>https:\/\/www.kohlhage.de\/wp-content\/uploads\/2025\/04\/Image-3.jpeg<\/span>\n\t\t\t\t\t\t<span itemprop='height'>768<\/span>\n\t\t\t\t\t\t<span itemprop='width'>1024<\/span>\n\t\t\t\t<\/span>\n\t\t\t\t<span class='av-structured-data'  itemprop=\"publisher\" itemtype=\"https:\/\/schema.org\/Organization\" itemscope=\"itemscope\" >\n\t\t\t\t\t\t<span itemprop='name'><\/span>\n\t\t\t\t\t\t<span itemprop='logo' itemscope itemtype='https:\/\/schema.org\/ImageObject'>\n\t\t\t\t\t\t\t<span itemprop='url'>\/wp-content\/uploads\/2020\/05\/kohlhage-mitte-300x57.png<\/span>\n\t\t\t\t\t\t<\/span>\n\t\t\t\t<\/span><span class='av-structured-data'  itemprop=\"author\" itemscope=\"itemscope\" itemtype=\"https:\/\/schema.org\/Person\" ><span itemprop='name'><\/span><\/span><span class='av-structured-data'  itemprop=\"datePublished\" datetime=\"\" >2025-04-09 08:59:32<\/span><span class='av-structured-data'  itemprop=\"dateModified\" itemtype=\"https:\/\/schema.org\/dateModified\" >2025-04-09 08:59:43<\/span><span class='av-structured-data'  itemprop=\"mainEntityOfPage\" itemtype=\"https:\/\/schema.org\/mainEntityOfPage\" ><span itemprop='name'>As\u00ed fue la Fastener Fair Global 2025<\/span><\/span><\/span><\/article><\/div><\/div><\/p>\n<\/div><\/div>\n<style type=\"text\/css\" data-created_by=\"avia_inline_auto\" id=\"style-css-av-t68uk-2b657ef47deacec8d6d1105a71f9aa59\">\n.flex_cell.av-t68uk-2b657ef47deacec8d6d1105a71f9aa59{\nvertical-align:top;\n}\n.responsive #top #wrap_all .flex_cell.av-t68uk-2b657ef47deacec8d6d1105a71f9aa59{\npadding:30px 20px 30px 60px !important;\n}\n<\/style>\n<div class='flex_cell av-t68uk-2b657ef47deacec8d6d1105a71f9aa59 av-gridrow-cell av_three_fourth no_margin content-align-top'  ><div class='flex_cell_inner'><p>\n<style type=\"text\/css\" data-created_by=\"avia_inline_auto\" id=\"style-css-av-3knefo-0b2801011d5ec515051d09398aed186b\">\n.flex_column.av-3knefo-0b2801011d5ec515051d09398aed186b{\nborder-radius:0px 0px 0px 0px;\npadding:0px 0px 0px 0px;\n}\n<\/style>\n<div  class='flex_column av-3knefo-0b2801011d5ec515051d09398aed186b av_one_full first flex_column_div av-zero-column-padding  '     ><style type=\"text\/css\" data-created_by=\"avia_inline_auto\" id=\"style-css-av-e9jsd-ea84e79aa26ddc5e873bd65d2a1c25a0\">\n#top .av-special-heading.av-e9jsd-ea84e79aa26ddc5e873bd65d2a1c25a0{\npadding-bottom:10px;\n}\nbody .av-special-heading.av-e9jsd-ea84e79aa26ddc5e873bd65d2a1c25a0 .av-special-heading-tag .heading-char{\nfont-size:25px;\n}\n.av-special-heading.av-e9jsd-ea84e79aa26ddc5e873bd65d2a1c25a0 .av-subheading{\nfont-size:15px;\n}\n<\/style>\n<div  class='av-special-heading av-e9jsd-ea84e79aa26ddc5e873bd65d2a1c25a0 av-special-heading-h1 blockquote modern-quote  avia-builder-el-0  el_before_av_textblock  avia-builder-el-first '><h1 class='av-special-heading-tag '  itemprop=\"headline\"  >Tecnolog\u00eda de transmisi\u00f3n<\/h1><div class=\"special-heading-border\"><div class=\"special-heading-inner-border\"><\/div><\/div><\/div><\/div>\n<style type=\"text\/css\" data-created_by=\"avia_inline_auto\" id=\"style-css-av-90zz9-3dd1524d37c3adce2d6d0fcae361d6d2\">\n.flex_column.av-90zz9-3dd1524d37c3adce2d6d0fcae361d6d2{\nborder-radius:0px 0px 0px 0px;\npadding:0px 0px 0px 0px;\n}\n<\/style>\n<div  class='flex_column av-90zz9-3dd1524d37c3adce2d6d0fcae361d6d2 av_one_full first flex_column_div av-zero-column-padding  '     ><section  class='av_textblock_section av-kaqxrnd7-8075ff1122fc6cc85a3025b5f9ee3039 '   itemscope=\"itemscope\" itemtype=\"https:\/\/schema.org\/BlogPosting\" itemprop=\"blogPost\" ><div class='avia_textblock'  itemprop=\"text\" ><h4>El aceite debe fluir, preferiblemente a trav\u00e9s del conducto<\/h4>\n<p>En el veh\u00edculo, la transmisi\u00f3n es uno de los elementos centrales. Un mal funcionamiento del conjunto conduce inevitablemente al fracaso total. Para que una caja de cambios funcione correctamente, el flujo de aceite interior debe estar garantizado.<\/p>\n<p>\u00bfY qu\u00e9 tiene que ver eso con <strong>KOHLHAGE<\/strong>? Las trasmisiones modernas siempre se han fabricado por fundici\u00f3n a presi\u00f3n. Tras este proceso, los flujos de aceite se incorporan a la carcasa fundida mediante tecnolog\u00eda de fresado. Esto lleva tiempo y es sobre todo caro. La tecnolog\u00eda <strong>KOHLHAGE<\/strong> sustituye el largo proceso de fresado.<\/p>\n<p>Incluso antes del proceso de fundici\u00f3n propiamente dicho, los tubos se introducen en la herramienta de fundici\u00f3n. Los contornos de los tubos corresponden al posterior flujo de aceite. Durante la fundici\u00f3n, los tubos tambi\u00e9n se funden. Ventaja para el fabricante: se elimina por completo el proceso de fresado.<\/p>\n<p>Otra caracter\u00edstica habla a favor de la soluci\u00f3n de <strong>KOHLHAGE<\/strong>: cuando se fund\u00edan los tubos antes, hab\u00eda que rellenarlos con sal o arena. De este modo, se evitaban deformaciones causadas por la presi\u00f3n durante la fundici\u00f3n. Las soluciones de conductos <strong>KOHLHAGE<\/strong> est\u00e1n dise\u00f1adas desde el principio para soportar la presi\u00f3n. Esto tambi\u00e9n elimina los costes adicionales de limpieza de los conductos, que requiere mucho tiempo. Por supuesto, los especialistas de <strong>KOHLHAGE<\/strong> tambi\u00e9n asesoran sobre la elecci\u00f3n correcta del material y el revestimiento \u00f3ptimo de los tubos.<\/p>\n<\/div><\/section><\/div><\/p>\n<\/div><\/div>\n<\/div>\n[av_layout_row border='' min_height_percent='' min_height_pc='25' min_height='0' color='main_color' mobile='av-flex-cells' id='' av_element_hidden_in_editor='0' mobile_breaking='' av-small-hide='aviaTBav-small-hide' av-mini-hide='aviaTBav-mini-hide' av_uid='av-1gdke6' custom_class='']\n\n[av_cell_one_fifth av_uid='av-bunpu6']\n\n[\/av_cell_one_fifth][av_cell_three_fifth av_uid='av-arqtqm']\n\n[av_one_fifth first min_height='' vertical_alignment='av-align-top' space='' margin='0px' margin_sync='true' row_boxshadow_color='' row_boxshadow_width='10' link='' linktarget='' link_hover='' title_attr='' alt_attr='' padding='0px,15px,0px,15px' highlight_size='1.1' border='' border_color='' radius='0px' radius_sync='true' column_boxshadow_color='' column_boxshadow_width='10' background='bg_color' background_color='' background_gradient_color1='' background_gradient_color2='' background_gradient_direction='vertical' src='' attachment='' attachment_size='' background_position='top left' background_repeat='repeat' animation='' mobile_breaking='' mobile_display='' av_uid='av-k9ladck7' custom_class='']\n\n[av_image src='https:\/\/www.kohlhage.de\/wp-content\/uploads\/2020\/05\/karriere-icons_bild-kohlhage-kontakt-272x300.png' attachment='3036' attachment_size='medium' align='center' styling='' hover='' link='manually,https:\/\/www.kohlhage.de\/es\/kohlhage-servicios\/contacto\/' target='' caption='' font_size='' appearance='' overlay_opacity='0.4' overlay_color='#000000' overlay_text_color='#ffffff' copyright='' animation='no-animation' av_uid='av-k9lafuku' custom_class='' admin_preview_bg=''][\/av_image]\n\n[av_heading heading='Contacto' tag='h3' link='manually,http:\/\/' link_target='' style='blockquote modern-quote modern-centered' size='' subheading_active='' subheading_size='15' margin='14px,,,' padding='10' color='custom-color-heading' custom_font='#007749' custom_class='' id='' admin_preview_bg='' av-desktop-hide='' av-medium-hide='' av-small-hide='' av-mini-hide='' av-medium-font-size-title='' av-small-font-size-title='' av-mini-font-size-title='' av-medium-font-size='' av-small-font-size='' av-mini-font-size='' av_uid='av-9kp6pa'][\/av_heading]\n\n[\/av_one_fifth][av_one_fifth min_height='' vertical_alignment='av-align-top' space='' custom_margin='aviaTBcustom_margin' margin='0px' margin_sync='true' row_boxshadow_color='' row_boxshadow_width='10' link='' linktarget='' link_hover='' title_attr='' alt_attr='' padding='0px,15px,0px,15px' highlight_size='1.1' border='' border_color='' radius='0px' radius_sync='true' column_boxshadow_color='' column_boxshadow_width='10' background='bg_color' background_color='' background_gradient_color1='' background_gradient_color2='' background_gradient_direction='vertical' src='' attachment='' attachment_size='' background_position='top left' background_repeat='repeat' animation='' mobile_breaking='' mobile_display='' av_uid='av-k9ladck7' custom_class='']\n\n[av_image src='https:\/\/www.kohlhage.de\/wp-content\/uploads\/2020\/05\/karriere-icons_bild-kohlhage-offene-stellen-272x300.png' attachment='3038' attachment_size='medium' align='center' styling='' hover='' link='manually,https:\/\/karriere.kohlhage.de' target='' caption='' font_size='' appearance='' overlay_opacity='0.4' overlay_color='#000000' overlay_text_color='#ffffff' copyright='' animation='no-animation' av_uid='av-k9lafuku' custom_class='' admin_preview_bg=''][\/av_image]\n\n[av_heading heading='Carrera' tag='h3' link='manually,http:\/\/' link_target='' style='blockquote modern-quote modern-centered' size='' subheading_active='' subheading_size='15' margin='14px,,,' padding='10' color='custom-color-heading' custom_font='#007749' custom_class='' id='' admin_preview_bg='' av-desktop-hide='' av-medium-hide='' av-small-hide='' av-mini-hide='' av-medium-font-size-title='' av-small-font-size-title='' av-mini-font-size-title='' av-medium-font-size='' av-small-font-size='' av-mini-font-size='' av_uid='av-7pv2by'][\/av_heading]\n\n[\/av_one_fifth][av_one_fifth min_height='av-equal-height-column' vertical_alignment='av-align-top' space='' margin='0px' margin_sync='true' row_boxshadow_color='' row_boxshadow_width='10' link='' linktarget='' link_hover='' title_attr='' alt_attr='' padding='0px,15px,0px,15px' highlight_size='1.1' border='' border_color='' radius='0px' radius_sync='true' column_boxshadow_color='' column_boxshadow_width='10' background='bg_color' background_color='' background_gradient_color1='' background_gradient_color2='' background_gradient_direction='vertical' src='' attachment='' attachment_size='' background_position='top left' background_repeat='repeat' animation='' mobile_breaking='' mobile_display='' av_uid='av-k9ladck7' custom_class='']\n\n[av_image src='https:\/\/www.kohlhage.de\/wp-content\/uploads\/2020\/05\/karriere-icons_bild-kohlhage-news-272x300.png' attachment='3037' attachment_size='medium' align='center' styling='' hover='' link='manually,https:\/\/www.kohlhage.de\/es\/kohlhage-servicios\/noticias\/' target='' caption='' font_size='' appearance='' overlay_opacity='0.4' overlay_color='#000000' overlay_text_color='#ffffff' copyright='' animation='no-animation' av_uid='av-k9lafuku' custom_class='' admin_preview_bg=''][\/av_image]\n\n[av_heading heading='Noticias' tag='h3' link='manually,http:\/\/' link_target='' style='blockquote modern-quote modern-centered' size='' subheading_active='' subheading_size='15' margin='14px,,,' padding='10' color='custom-color-heading' custom_font='#007749' custom_class='' id='' admin_preview_bg='' av-desktop-hide='' av-medium-hide='' av-small-hide='' av-mini-hide='' av-medium-font-size-title='' av-small-font-size-title='' av-mini-font-size-title='' av-medium-font-size='' av-small-font-size='' av-mini-font-size='' av_uid='av-5ykh0e'][\/av_heading]\n\n[\/av_one_fifth][av_one_fifth min_height='' vertical_alignment='av-align-top' space='' margin='0px' margin_sync='true' row_boxshadow_color='' row_boxshadow_width='10' link='' linktarget='' link_hover='' title_attr='' alt_attr='' padding='0px,15px,0px,15px' highlight_size='1.1' border='' border_color='' radius='0px' radius_sync='true' column_boxshadow_color='' column_boxshadow_width='10' background='bg_color' background_color='' background_gradient_color1='' background_gradient_color2='' background_gradient_direction='vertical' src='' attachment='' attachment_size='' background_position='top left' background_repeat='repeat' animation='' mobile_breaking='' mobile_display='' av_uid='av-k9ladck7' custom_class='']\n\n[av_image src='https:\/\/www.kohlhage.de\/wp-content\/uploads\/2020\/05\/karriere-icons_bild-kohlhage-downloads-1-272x300.png' attachment='3052' attachment_size='medium' align='center' styling='' hover='' link='manually,https:\/\/www.kohlhage.de\/es\/kohlhage-servicios\/descargas\/' target='' caption='' font_size='' appearance='' overlay_opacity='0.4' overlay_color='#000000' overlay_text_color='#ffffff' copyright='' animation='no-animation' av_uid='av-k9lafuku' custom_class='' admin_preview_bg=''][\/av_image]\n\n[av_heading heading='Descargar' tag='h3' link='manually,http:\/\/' link_target='' style='blockquote modern-quote modern-centered' size='' subheading_active='' subheading_size='15' margin='14px,,,' padding='10' color='custom-color-heading' custom_font='#007749' custom_class='' id='' admin_preview_bg='' av-desktop-hide='' av-medium-hide='' av-small-hide='' av-mini-hide='' av-medium-font-size-title='' av-small-font-size-title='' av-mini-font-size-title='' av-medium-font-size='' av-small-font-size='' av-mini-font-size='' av_uid='av-3zu6ce'][\/av_heading]\n\n[\/av_one_fifth][av_one_fifth min_height='' vertical_alignment='av-align-top' space='' margin='0px' margin_sync='true' row_boxshadow_color='' row_boxshadow_width='10' link='' linktarget='' link_hover='' title_attr='' alt_attr='' padding='0px,15px,0px,15px' highlight_size='1.1' border='' border_color='' radius='0px' radius_sync='true' column_boxshadow_color='' column_boxshadow_width='10' background='bg_color' background_color='' background_gradient_color1='' background_gradient_color2='' background_gradient_direction='vertical' src='' attachment='' attachment_size='' background_position='top left' background_repeat='repeat' animation='' mobile_breaking='' mobile_display='' av_uid='av-k9ladck7' custom_class='']\n\n[av_image src='https:\/\/www.kohlhage.de\/wp-content\/uploads\/2021\/10\/kohlhage_pikto_zertifikat.png' attachment='8913' attachment_size='full' copyright='' caption='' styling='' align='center' font_size='' overlay_opacity='0.4' overlay_color='#000000' overlay_text_color='#ffffff' animation='no-animation' hover='' appearance='' link='manually,https:\/\/www.kohlhage.de\/es\/kohlhage-servicios\/certificaciones\/' target='' title_attr='' alt_attr='' id='' custom_class='' av_element_hidden_in_editor='0' av_uid='av-k9lafuku' admin_preview_bg=''][\/av_image]\n\n[av_heading heading='Certificaciones' tag='h3' link='manually,http:\/\/' link_target='' style='blockquote modern-quote modern-centered' size='' subheading_active='' subheading_size='15' margin='14px,,,' padding='10' color='custom-color-heading' custom_font='#007749' custom_class='' id='' admin_preview_bg='' av-desktop-hide='' av-medium-hide='' av-small-hide='' av-mini-hide='' av-medium-font-size-title='' av-small-font-size-title='' av-mini-font-size-title='' av-medium-font-size='' av-small-font-size='' av-mini-font-size='' av_uid='av-2biyri'][\/av_heading]\n\n[\/av_one_fifth][\/av_cell_three_fifth][av_cell_one_fifth vertical_align='top' padding='30px' background='bg_color' background_color='' background_gradient_color1='' background_gradient_color2='' background_gradient_direction='vertical' src='' background_attachment='scroll' background_position='top left' background_repeat='no-repeat' link='' linktarget='' link_hover='' mobile_display='' av_uid='av-9jvtlq']\n\n[\/av_cell_one_fifth][\/av_layout_row]\n","protected":false},"excerpt":{"rendered":"","protected":false},"author":2,"featured_media":0,"parent":5478,"menu_order":30,"comment_status":"closed","ping_status":"closed","template":"","meta":{"footnotes":""},"class_list":["post-5486","page","type-page","status-publish","hentry"],"_links":{"self":[{"href":"https:\/\/www.kohlhage.de\/es\/wp-json\/wp\/v2\/pages\/5486","targetHints":{"allow":["GET"]}}],"collection":[{"href":"https:\/\/www.kohlhage.de\/es\/wp-json\/wp\/v2\/pages"}],"about":[{"href":"https:\/\/www.kohlhage.de\/es\/wp-json\/wp\/v2\/types\/page"}],"author":[{"embeddable":true,"href":"https:\/\/www.kohlhage.de\/es\/wp-json\/wp\/v2\/users\/2"}],"replies":[{"embeddable":true,"href":"https:\/\/www.kohlhage.de\/es\/wp-json\/wp\/v2\/comments?post=5486"}],"version-history":[{"count":14,"href":"https:\/\/www.kohlhage.de\/es\/wp-json\/wp\/v2\/pages\/5486\/revisions"}],"predecessor-version":[{"id":8195,"href":"https:\/\/www.kohlhage.de\/es\/wp-json\/wp\/v2\/pages\/5486\/revisions\/8195"}],"up":[{"embeddable":true,"href":"https:\/\/www.kohlhage.de\/es\/wp-json\/wp\/v2\/pages\/5478"}],"wp:attachment":[{"href":"https:\/\/www.kohlhage.de\/es\/wp-json\/wp\/v2\/media?parent=5486"}],"curies":[{"name":"wp","href":"https:\/\/api.w.org\/{rel}","templated":true}]}}