{"id":5533,"date":"2021-03-12T13:57:53","date_gmt":"2021-03-12T12:57:53","guid":{"rendered":"https:\/\/www.kohlhage.de\/procesos\/procesos-kohlhage-automotive\/pruebas-de-fin-de-linea\/"},"modified":"2021-05-12T11:46:47","modified_gmt":"2021-05-12T09:46:47","slug":"pruebas-de-fin-de-linea","status":"publish","type":"page","link":"https:\/\/www.kohlhage.de\/es\/procesos\/procesos-kohlhage-automotive\/pruebas-de-fin-de-linea\/","title":{"rendered":"Pruebas de fin de l\u00ednea"},"content":{"rendered":"<div id='full_slider_1'  class='avia-fullwidth-slider main_color avia-shadow   avia-builder-el-0  el_before_av_layout_row  avia-builder-el-first   container_wrap sidebar_right'  ><div  class='avia-slideshow av-80oji-179cda0aa93b27cc60df53b3575c2042 avia-slideshow-no scaling av_slideshow_full avia-fade-slider av-slideshow-ui av-control-default av-slideshow-autoplay av-loop-endless av-loop-manual-endless av-default-height-applied   avia-slideshow-1' data-slideshow-options=\"{&quot;animation&quot;:&quot;fade&quot;,&quot;autoplay&quot;:true,&quot;loop_autoplay&quot;:&quot;endless&quot;,&quot;interval&quot;:5,&quot;loop_manual&quot;:&quot;manual-endless&quot;,&quot;autoplay_stopper&quot;:false,&quot;noNavigation&quot;:false,&quot;bg_slider&quot;:false,&quot;keep_padding&quot;:false,&quot;hoverpause&quot;:false,&quot;show_slide_delay&quot;:0}\"  itemprop=\"image\" itemscope=\"itemscope\" itemtype=\"https:\/\/schema.org\/ImageObject\" ><ul class='avia-slideshow-inner ' style='padding-bottom: 22.45%;'><li  class='avia-slideshow-slide av-80oji-179cda0aa93b27cc60df53b3575c2042__0  av-single-slide slide-1 slide-odd'><div data-rel='slideshow-1' class='avia-slide-wrap '   ><img decoding=\"async\" fetchpriority=\"high\" class=\"wp-image-5535 avia-img-lazy-loading-not-5535\"  src=\"https:\/\/www.kohlhage.de\/wp-content\/uploads\/2020\/07\/headbild_kohlhage_verfahren-enofline.jpg\" width=\"2000\" height=\"449\" title='' alt=''  itemprop=\"thumbnailUrl\" srcset=\"https:\/\/www.kohlhage.de\/wp-content\/uploads\/2020\/07\/headbild_kohlhage_verfahren-enofline.jpg 2000w, https:\/\/www.kohlhage.de\/wp-content\/uploads\/2020\/07\/headbild_kohlhage_verfahren-enofline-300x67.jpg 300w, https:\/\/www.kohlhage.de\/wp-content\/uploads\/2020\/07\/headbild_kohlhage_verfahren-enofline-768x172.jpg 768w, https:\/\/www.kohlhage.de\/wp-content\/uploads\/2020\/07\/headbild_kohlhage_verfahren-enofline-1030x231.jpg 1030w, https:\/\/www.kohlhage.de\/wp-content\/uploads\/2020\/07\/headbild_kohlhage_verfahren-enofline-1500x337.jpg 1500w, https:\/\/www.kohlhage.de\/wp-content\/uploads\/2020\/07\/headbild_kohlhage_verfahren-enofline-705x158.jpg 705w, https:\/\/www.kohlhage.de\/wp-content\/uploads\/2020\/07\/headbild_kohlhage_verfahren-enofline-450x101.jpg 450w\" sizes=\"(max-width: 2000px) 100vw, 2000px\" \/><\/div><\/li><\/ul><\/div><\/div>\n<div id='av-layout-grid-1'  class='av-layout-grid-container av-1xv8tg-862198386f3f6141045f47e14eca8f90 entry-content-wrapper main_color av-flex-cells  avia-builder-el-1  el_after_av_slideshow_full  el_before_av_postcontent  grid-row-not-first  container_wrap sidebar_right'  >\n\n<style type=\"text\/css\" data-created_by=\"avia_inline_auto\" id=\"style-css-av-t68uk-2b657ef47deacec8d6d1105a71f9aa59\">\n.flex_cell.av-t68uk-2b657ef47deacec8d6d1105a71f9aa59{\nvertical-align:top;\n}\n.responsive #top #wrap_all .flex_cell.av-t68uk-2b657ef47deacec8d6d1105a71f9aa59{\npadding:30px 20px 30px 60px !important;\n}\n<\/style>\n<div class='flex_cell av-t68uk-2b657ef47deacec8d6d1105a71f9aa59 av-gridrow-cell av_one_full no_margin  avia-builder-el-2  avia-builder-el-no-sibling  content-align-top'  ><div class='flex_cell_inner'><p>\n<style type=\"text\/css\" data-created_by=\"avia_inline_auto\" id=\"style-css-av-3knefo-0b2801011d5ec515051d09398aed186b\">\n.flex_column.av-3knefo-0b2801011d5ec515051d09398aed186b{\nborder-radius:0px 0px 0px 0px;\npadding:0px 0px 0px 0px;\n}\n<\/style>\n<div  class='flex_column av-3knefo-0b2801011d5ec515051d09398aed186b av_one_full  avia-builder-el-3  el_before_av_one_half  avia-builder-el-first  first flex_column_div av-zero-column-padding  '     ><style type=\"text\/css\" data-created_by=\"avia_inline_auto\" id=\"style-css-av-av_heading-ffc554f98ea8713e96375a8dc95133a4\">\n#top .av-special-heading.av-av_heading-ffc554f98ea8713e96375a8dc95133a4{\npadding-bottom:25px;\n}\nbody .av-special-heading.av-av_heading-ffc554f98ea8713e96375a8dc95133a4 .av-special-heading-tag .heading-char{\nfont-size:25px;\n}\n.av-special-heading.av-av_heading-ffc554f98ea8713e96375a8dc95133a4 .av-subheading{\nfont-size:15px;\n}\n<\/style>\n<div  class='av-special-heading av-av_heading-ffc554f98ea8713e96375a8dc95133a4 av-special-heading-h1 blockquote modern-quote  avia-builder-el-4  avia-builder-el-no-sibling  av-linked-heading'><h1 class='av-special-heading-tag '  itemprop=\"headline\"  >Pruebas de fin de l\u00ednea<\/h1><div class=\"special-heading-border\"><div class=\"special-heading-inner-border\"><\/div><\/div><\/div><\/div>\n<style type=\"text\/css\" data-created_by=\"avia_inline_auto\" id=\"style-css-av-1cg73o-2637d5418d69740026c75dc79fbcec05\">\n.flex_column.av-1cg73o-2637d5418d69740026c75dc79fbcec05{\nborder-radius:0px 0px 0px 0px;\npadding:0px 0px 0px 0px;\n}\n<\/style>\n<div  class='flex_column av-1cg73o-2637d5418d69740026c75dc79fbcec05 av_one_half  avia-builder-el-5  el_after_av_one_full  el_before_av_one_half  first flex_column_div av-zero-column-padding  column-top-margin'     ><section  class='av_textblock_section av-4ovok-40cbfe585ee17a23e89a211201c62442 '   itemscope=\"itemscope\" itemtype=\"https:\/\/schema.org\/CreativeWork\" ><div class='avia_textblock'  itemprop=\"text\" ><p><b>Tecnolog\u00eda de medici\u00f3n KOHLHAGE<\/b><\/p>\n<p>Al final de cada proceso de producci\u00f3n hay que asegurarse de que el producto sea impecable. El espectro de estas pruebas de fin de l\u00ednea va desde sencillas comprobaciones como \u00ab\u00bfest\u00e1 tapada la junta t\u00f3rica?\u00bb, pasando por pruebas de estado de la superficie y dimensiones, hasta la comprobaci\u00f3n de fugas, especialmente en conjuntos de tuber\u00edas.<\/p>\n<p>En los \u00faltimos a\u00f1os, <b>KOHLHAGE<\/b> ha invertido mucho en el desarrollo de procedimientos de prueba internos, y es ahora capaz de satisfacer los requisitos de los clientes de forma r\u00e1pida y completa. Adem\u00e1s, los t\u00e9cnicos de <b>KOHLHAGE<\/b> han desarrollado procesos mediante los cuales los procedimientos de prueba pueden integrarse en la producci\u00f3n de forma totalmente automatizada. Esto se consigue, por ejemplo, utilizando la tecnolog\u00eda de c\u00e1maras. De este modo, <b>KOHLHAGE<\/b> se asegura de que los procesos de comprobaci\u00f3n garanticen la calidad de los productos a un nivel alto y constante.<\/p>\n<\/div><\/section><\/div>\n<style type=\"text\/css\" data-created_by=\"avia_inline_auto\" id=\"style-css-av-thk98-4524a75837ccef5027dfae197386e4d6\">\n.flex_column.av-thk98-4524a75837ccef5027dfae197386e4d6{\nborder-radius:0px 0px 0px 0px;\npadding:0px 0px 0px 0px;\n}\n<\/style>\n<div  class='flex_column av-thk98-4524a75837ccef5027dfae197386e4d6 av_one_half  avia-builder-el-7  el_after_av_one_half  avia-builder-el-last  flex_column_div av-zero-column-padding  column-top-margin'     ><style type=\"text\/css\" data-created_by=\"avia_inline_auto\" id=\"style-css-av-kcn4k2yo-0b0649bfc865d14f2c68fbe858260b82\">\n.avia-image-container.av-kcn4k2yo-0b0649bfc865d14f2c68fbe858260b82 img.avia_image{\nbox-shadow:none;\n}\n.avia-image-container.av-kcn4k2yo-0b0649bfc865d14f2c68fbe858260b82 .av-image-caption-overlay-center{\ncolor:#ffffff;\n}\n<\/style>\n<div  class='avia-image-container av-kcn4k2yo-0b0649bfc865d14f2c68fbe858260b82 av-styling- avia-align-center  avia-builder-el-8  avia-builder-el-no-sibling '   itemprop=\"image\" itemscope=\"itemscope\" itemtype=\"https:\/\/schema.org\/ImageObject\" ><div class=\"avia-image-container-inner\"><div class=\"avia-image-overlay-wrap\"><img decoding=\"async\" fetchpriority=\"high\" class='wp-image-5538 avia-img-lazy-loading-not-5538 avia_image ' src=\"https:\/\/www.kohlhage.de\/wp-content\/uploads\/2020\/07\/bild-kohlhage-pruefung.jpg\" alt='' title='imagen-kohlhage-prueba'  height=\"600\" width=\"900\"  itemprop=\"thumbnailUrl\" srcset=\"https:\/\/www.kohlhage.de\/wp-content\/uploads\/2020\/07\/bild-kohlhage-pruefung.jpg 900w, https:\/\/www.kohlhage.de\/wp-content\/uploads\/2020\/07\/bild-kohlhage-pruefung-300x200.jpg 300w, https:\/\/www.kohlhage.de\/wp-content\/uploads\/2020\/07\/bild-kohlhage-pruefung-768x512.jpg 768w, https:\/\/www.kohlhage.de\/wp-content\/uploads\/2020\/07\/bild-kohlhage-pruefung-705x470.jpg 705w, https:\/\/www.kohlhage.de\/wp-content\/uploads\/2020\/07\/bild-kohlhage-pruefung-450x300.jpg 450w\" sizes=\"(max-width: 900px) 100vw, 900px\" \/><\/div><\/div><\/div><\/div><\/p>\n<\/div><\/div><\/div>[av_layout_row border='' min_height_percent='' min_height_pc='25' min_height='0' color='main_color' mobile='av-flex-cells' id='' av_element_hidden_in_editor='0' mobile_breaking='' av-small-hide='aviaTBav-small-hide' av-mini-hide='aviaTBav-mini-hide' av_uid='av-1gdke6' custom_class='']\n\n[av_cell_one_fifth av_uid='av-bunpu6']\n\n[\/av_cell_one_fifth][av_cell_three_fifth av_uid='av-arqtqm']\n\n[av_one_fifth first min_height='' vertical_alignment='av-align-top' space='' margin='0px' margin_sync='true' row_boxshadow_color='' row_boxshadow_width='10' link='' linktarget='' link_hover='' title_attr='' alt_attr='' padding='0px,15px,0px,15px' highlight_size='1.1' border='' border_color='' radius='0px' radius_sync='true' column_boxshadow_color='' column_boxshadow_width='10' background='bg_color' background_color='' background_gradient_color1='' background_gradient_color2='' background_gradient_direction='vertical' src='' attachment='' attachment_size='' background_position='top left' background_repeat='repeat' animation='' mobile_breaking='' mobile_display='' av_uid='av-k9ladck7' custom_class='']\n\n[av_image src='https:\/\/www.kohlhage.de\/wp-content\/uploads\/2020\/05\/karriere-icons_bild-kohlhage-kontakt-272x300.png' attachment='3036' attachment_size='medium' align='center' styling='' hover='' link='manually,https:\/\/www.kohlhage.de\/es\/kohlhage-servicios\/contacto\/' target='' caption='' font_size='' appearance='' overlay_opacity='0.4' overlay_color='#000000' overlay_text_color='#ffffff' copyright='' animation='no-animation' av_uid='av-k9lafuku' custom_class='' admin_preview_bg=''][\/av_image]\n\n[av_heading heading='Contacto' tag='h3' link='manually,http:\/\/' link_target='' style='blockquote modern-quote modern-centered' size='' subheading_active='' subheading_size='15' margin='14px,,,' padding='10' color='custom-color-heading' custom_font='#007749' custom_class='' id='' admin_preview_bg='' av-desktop-hide='' av-medium-hide='' av-small-hide='' av-mini-hide='' av-medium-font-size-title='' av-small-font-size-title='' av-mini-font-size-title='' av-medium-font-size='' av-small-font-size='' av-mini-font-size='' av_uid='av-9kp6pa'][\/av_heading]\n\n[\/av_one_fifth][av_one_fifth min_height='' vertical_alignment='av-align-top' space='' custom_margin='aviaTBcustom_margin' margin='0px' margin_sync='true' row_boxshadow_color='' row_boxshadow_width='10' link='' linktarget='' link_hover='' title_attr='' alt_attr='' padding='0px,15px,0px,15px' highlight_size='1.1' border='' border_color='' radius='0px' radius_sync='true' column_boxshadow_color='' column_boxshadow_width='10' background='bg_color' background_color='' background_gradient_color1='' background_gradient_color2='' background_gradient_direction='vertical' src='' attachment='' attachment_size='' background_position='top left' background_repeat='repeat' animation='' mobile_breaking='' mobile_display='' av_uid='av-k9ladck7' custom_class='']\n\n[av_image src='https:\/\/www.kohlhage.de\/wp-content\/uploads\/2020\/05\/karriere-icons_bild-kohlhage-offene-stellen-272x300.png' attachment='3038' attachment_size='medium' align='center' styling='' hover='' link='manually,https:\/\/karriere.kohlhage.de' target='' caption='' font_size='' appearance='' overlay_opacity='0.4' overlay_color='#000000' overlay_text_color='#ffffff' copyright='' animation='no-animation' av_uid='av-k9lafuku' custom_class='' admin_preview_bg=''][\/av_image]\n\n[av_heading heading='Carrera' tag='h3' link='manually,http:\/\/' link_target='' style='blockquote modern-quote modern-centered' size='' subheading_active='' subheading_size='15' margin='14px,,,' padding='10' color='custom-color-heading' custom_font='#007749' custom_class='' id='' admin_preview_bg='' av-desktop-hide='' av-medium-hide='' av-small-hide='' av-mini-hide='' av-medium-font-size-title='' av-small-font-size-title='' av-mini-font-size-title='' av-medium-font-size='' av-small-font-size='' av-mini-font-size='' av_uid='av-7pv2by'][\/av_heading]\n\n[\/av_one_fifth][av_one_fifth min_height='av-equal-height-column' vertical_alignment='av-align-top' space='' margin='0px' margin_sync='true' row_boxshadow_color='' row_boxshadow_width='10' link='' linktarget='' link_hover='' title_attr='' alt_attr='' padding='0px,15px,0px,15px' highlight_size='1.1' border='' border_color='' radius='0px' radius_sync='true' column_boxshadow_color='' column_boxshadow_width='10' background='bg_color' background_color='' background_gradient_color1='' background_gradient_color2='' background_gradient_direction='vertical' src='' attachment='' attachment_size='' background_position='top left' background_repeat='repeat' animation='' mobile_breaking='' mobile_display='' av_uid='av-k9ladck7' custom_class='']\n\n[av_image src='https:\/\/www.kohlhage.de\/wp-content\/uploads\/2020\/05\/karriere-icons_bild-kohlhage-news-272x300.png' attachment='3037' attachment_size='medium' align='center' styling='' hover='' link='manually,https:\/\/www.kohlhage.de\/es\/kohlhage-servicios\/noticias\/' target='' caption='' font_size='' appearance='' overlay_opacity='0.4' overlay_color='#000000' overlay_text_color='#ffffff' copyright='' animation='no-animation' av_uid='av-k9lafuku' custom_class='' admin_preview_bg=''][\/av_image]\n\n[av_heading heading='Noticias' tag='h3' link='manually,http:\/\/' link_target='' style='blockquote modern-quote modern-centered' size='' subheading_active='' subheading_size='15' margin='14px,,,' padding='10' color='custom-color-heading' custom_font='#007749' custom_class='' id='' admin_preview_bg='' av-desktop-hide='' av-medium-hide='' av-small-hide='' av-mini-hide='' av-medium-font-size-title='' av-small-font-size-title='' av-mini-font-size-title='' av-medium-font-size='' av-small-font-size='' av-mini-font-size='' av_uid='av-5ykh0e'][\/av_heading]\n\n[\/av_one_fifth][av_one_fifth min_height='' vertical_alignment='av-align-top' space='' margin='0px' margin_sync='true' row_boxshadow_color='' row_boxshadow_width='10' link='' linktarget='' link_hover='' title_attr='' alt_attr='' padding='0px,15px,0px,15px' highlight_size='1.1' border='' border_color='' radius='0px' radius_sync='true' column_boxshadow_color='' column_boxshadow_width='10' background='bg_color' background_color='' background_gradient_color1='' background_gradient_color2='' background_gradient_direction='vertical' src='' attachment='' attachment_size='' background_position='top left' background_repeat='repeat' animation='' mobile_breaking='' mobile_display='' av_uid='av-k9ladck7' custom_class='']\n\n[av_image src='https:\/\/www.kohlhage.de\/wp-content\/uploads\/2020\/05\/karriere-icons_bild-kohlhage-downloads-1-272x300.png' attachment='3052' attachment_size='medium' align='center' styling='' hover='' link='manually,https:\/\/www.kohlhage.de\/es\/kohlhage-servicios\/descargas\/' target='' caption='' font_size='' appearance='' overlay_opacity='0.4' overlay_color='#000000' overlay_text_color='#ffffff' copyright='' animation='no-animation' av_uid='av-k9lafuku' custom_class='' admin_preview_bg=''][\/av_image]\n\n[av_heading heading='Descargar' tag='h3' link='manually,http:\/\/' link_target='' style='blockquote modern-quote modern-centered' size='' subheading_active='' subheading_size='15' margin='14px,,,' padding='10' color='custom-color-heading' custom_font='#007749' custom_class='' id='' admin_preview_bg='' av-desktop-hide='' av-medium-hide='' av-small-hide='' av-mini-hide='' av-medium-font-size-title='' av-small-font-size-title='' av-mini-font-size-title='' av-medium-font-size='' av-small-font-size='' av-mini-font-size='' av_uid='av-3zu6ce'][\/av_heading]\n\n[\/av_one_fifth][av_one_fifth min_height='' vertical_alignment='av-align-top' space='' margin='0px' margin_sync='true' row_boxshadow_color='' row_boxshadow_width='10' link='' linktarget='' link_hover='' title_attr='' alt_attr='' padding='0px,15px,0px,15px' highlight_size='1.1' border='' border_color='' radius='0px' radius_sync='true' column_boxshadow_color='' column_boxshadow_width='10' background='bg_color' background_color='' background_gradient_color1='' background_gradient_color2='' background_gradient_direction='vertical' src='' attachment='' attachment_size='' background_position='top left' background_repeat='repeat' animation='' mobile_breaking='' mobile_display='' av_uid='av-k9ladck7' custom_class='']\n\n[av_image src='https:\/\/www.kohlhage.de\/wp-content\/uploads\/2021\/10\/kohlhage_pikto_zertifikat.png' attachment='8913' attachment_size='full' copyright='' caption='' styling='' align='center' font_size='' overlay_opacity='0.4' overlay_color='#000000' overlay_text_color='#ffffff' animation='no-animation' hover='' appearance='' link='manually,https:\/\/www.kohlhage.de\/es\/kohlhage-servicios\/certificaciones\/' target='' title_attr='' alt_attr='' id='' custom_class='' av_element_hidden_in_editor='0' av_uid='av-k9lafuku' admin_preview_bg=''][\/av_image]\n\n[av_heading heading='Certificaciones' tag='h3' link='manually,http:\/\/' link_target='' style='blockquote modern-quote modern-centered' size='' subheading_active='' subheading_size='15' margin='14px,,,' padding='10' color='custom-color-heading' custom_font='#007749' custom_class='' id='' admin_preview_bg='' av-desktop-hide='' av-medium-hide='' av-small-hide='' av-mini-hide='' av-medium-font-size-title='' av-small-font-size-title='' av-mini-font-size-title='' av-medium-font-size='' av-small-font-size='' av-mini-font-size='' av_uid='av-2biyri'][\/av_heading]\n\n[\/av_one_fifth][\/av_cell_three_fifth][av_cell_one_fifth vertical_align='top' padding='30px' background='bg_color' background_color='' background_gradient_color1='' background_gradient_color2='' background_gradient_direction='vertical' src='' background_attachment='scroll' background_position='top left' background_repeat='no-repeat' link='' linktarget='' link_hover='' mobile_display='' av_uid='av-9jvtlq']\n\n[\/av_cell_one_fifth][\/av_layout_row]<\/p>\n","protected":false},"excerpt":{"rendered":"","protected":false},"author":3,"featured_media":0,"parent":5502,"menu_order":90,"comment_status":"closed","ping_status":"closed","template":"","meta":{"footnotes":""},"class_list":["post-5533","page","type-page","status-publish","hentry"],"_links":{"self":[{"href":"https:\/\/www.kohlhage.de\/es\/wp-json\/wp\/v2\/pages\/5533","targetHints":{"allow":["GET"]}}],"collection":[{"href":"https:\/\/www.kohlhage.de\/es\/wp-json\/wp\/v2\/pages"}],"about":[{"href":"https:\/\/www.kohlhage.de\/es\/wp-json\/wp\/v2\/types\/page"}],"author":[{"embeddable":true,"href":"https:\/\/www.kohlhage.de\/es\/wp-json\/wp\/v2\/users\/3"}],"replies":[{"embeddable":true,"href":"https:\/\/www.kohlhage.de\/es\/wp-json\/wp\/v2\/comments?post=5533"}],"version-history":[{"count":8,"href":"https:\/\/www.kohlhage.de\/es\/wp-json\/wp\/v2\/pages\/5533\/revisions"}],"predecessor-version":[{"id":8279,"href":"https:\/\/www.kohlhage.de\/es\/wp-json\/wp\/v2\/pages\/5533\/revisions\/8279"}],"up":[{"embeddable":true,"href":"https:\/\/www.kohlhage.de\/es\/wp-json\/wp\/v2\/pages\/5502"}],"wp:attachment":[{"href":"https:\/\/www.kohlhage.de\/es\/wp-json\/wp\/v2\/media?parent=5533"}],"curies":[{"name":"wp","href":"https:\/\/api.w.org\/{rel}","templated":true}]}}