{"id":5573,"date":"2021-03-15T10:30:24","date_gmt":"2021-03-15T09:30:24","guid":{"rendered":"https:\/\/www.kohlhage.de\/procesos\/procesos-kohlhage-fasteners\/torneado\/"},"modified":"2021-05-12T11:58:48","modified_gmt":"2021-05-12T09:58:48","slug":"torneado","status":"publish","type":"page","link":"https:\/\/www.kohlhage.de\/es\/procesos\/procesos-kohlhage-fasteners\/torneado\/","title":{"rendered":"Torneado"},"content":{"rendered":"<div id='full_slider_1'  class='avia-fullwidth-slider main_color avia-shadow   avia-builder-el-0  el_before_av_layout_row  avia-builder-el-first   container_wrap sidebar_right'  ><div  class='avia-slideshow av-283bl8-24fa1bd73aba4bfc8be6856933b74c31 avia-slideshow-no scaling av_slideshow_full avia-fade-slider av-slideshow-ui av-control-default av-slideshow-autoplay av-loop-endless av-loop-manual-endless av-default-height-applied   avia-slideshow-1' data-slideshow-options=\"{&quot;animation&quot;:&quot;fade&quot;,&quot;autoplay&quot;:true,&quot;loop_autoplay&quot;:&quot;endless&quot;,&quot;interval&quot;:5,&quot;loop_manual&quot;:&quot;manual-endless&quot;,&quot;autoplay_stopper&quot;:false,&quot;noNavigation&quot;:false,&quot;bg_slider&quot;:false,&quot;keep_padding&quot;:false,&quot;hoverpause&quot;:false,&quot;show_slide_delay&quot;:0}\"  itemprop=\"image\" itemscope=\"itemscope\" itemtype=\"https:\/\/schema.org\/ImageObject\" ><ul class='avia-slideshow-inner ' style='padding-bottom: 22.45%;'><li  class='avia-slideshow-slide av-283bl8-24fa1bd73aba4bfc8be6856933b74c31__0  av-single-slide slide-1 slide-odd'><div data-rel='slideshow-1' class='avia-slide-wrap '   ><img decoding=\"async\" fetchpriority=\"high\" class=\"wp-image-6298 avia-img-lazy-loading-not-6298\"  src=\"https:\/\/www.kohlhage.de\/wp-content\/uploads\/2018\/02\/Hintergrundbild-Drehtechnik.jpg\" width=\"2000\" height=\"449\" title='Hintergrundbild Drehtechnik' alt=''  itemprop=\"thumbnailUrl\" srcset=\"https:\/\/www.kohlhage.de\/wp-content\/uploads\/2018\/02\/Hintergrundbild-Drehtechnik.jpg 2000w, https:\/\/www.kohlhage.de\/wp-content\/uploads\/2018\/02\/Hintergrundbild-Drehtechnik-300x67.jpg 300w, https:\/\/www.kohlhage.de\/wp-content\/uploads\/2018\/02\/Hintergrundbild-Drehtechnik-768x172.jpg 768w, https:\/\/www.kohlhage.de\/wp-content\/uploads\/2018\/02\/Hintergrundbild-Drehtechnik-1030x231.jpg 1030w, https:\/\/www.kohlhage.de\/wp-content\/uploads\/2018\/02\/Hintergrundbild-Drehtechnik-1500x337.jpg 1500w, https:\/\/www.kohlhage.de\/wp-content\/uploads\/2018\/02\/Hintergrundbild-Drehtechnik-705x158.jpg 705w, https:\/\/www.kohlhage.de\/wp-content\/uploads\/2018\/02\/Hintergrundbild-Drehtechnik-450x101.jpg 450w\" sizes=\"(max-width: 2000px) 100vw, 2000px\" \/><\/div><\/li><\/ul><\/div><\/div>\n<div id='av-layout-grid-1'  class='av-layout-grid-container av-1xv8tg-862198386f3f6141045f47e14eca8f90 entry-content-wrapper main_color av-flex-cells  avia-builder-el-1  el_after_av_slideshow_full  el_before_av_postcontent  grid-row-not-first  container_wrap sidebar_right'  >\n\n<style type=\"text\/css\" data-created_by=\"avia_inline_auto\" id=\"style-css-av-t68uk-2b657ef47deacec8d6d1105a71f9aa59\">\n.flex_cell.av-t68uk-2b657ef47deacec8d6d1105a71f9aa59{\nvertical-align:top;\n}\n.responsive #top #wrap_all .flex_cell.av-t68uk-2b657ef47deacec8d6d1105a71f9aa59{\npadding:30px 20px 30px 60px !important;\n}\n<\/style>\n<div class='flex_cell av-t68uk-2b657ef47deacec8d6d1105a71f9aa59 av-gridrow-cell av_one_full no_margin  avia-builder-el-2  avia-builder-el-no-sibling  content-align-top'  ><div class='flex_cell_inner'><p>\n<style type=\"text\/css\" data-created_by=\"avia_inline_auto\" id=\"style-css-av-3knefo-0b2801011d5ec515051d09398aed186b\">\n.flex_column.av-3knefo-0b2801011d5ec515051d09398aed186b{\nborder-radius:0px 0px 0px 0px;\npadding:0px 0px 0px 0px;\n}\n<\/style>\n<div  class='flex_column av-3knefo-0b2801011d5ec515051d09398aed186b av_one_full  avia-builder-el-3  el_before_av_one_full  avia-builder-el-first  first flex_column_div av-zero-column-padding  '     ><style type=\"text\/css\" data-created_by=\"avia_inline_auto\" id=\"style-css-av-av_heading-ff07f4ed5583b604a88aa5791a026035\">\n#top .av-special-heading.av-av_heading-ff07f4ed5583b604a88aa5791a026035{\npadding-bottom:25px;\n}\nbody .av-special-heading.av-av_heading-ff07f4ed5583b604a88aa5791a026035 .av-special-heading-tag .heading-char{\nfont-size:25px;\n}\n.av-special-heading.av-av_heading-ff07f4ed5583b604a88aa5791a026035 .av-subheading{\nfont-size:15px;\n}\n<\/style>\n<div  class='av-special-heading av-av_heading-ff07f4ed5583b604a88aa5791a026035 av-special-heading-h1 blockquote modern-quote  avia-builder-el-4  avia-builder-el-no-sibling  av-linked-heading'><h1 class='av-special-heading-tag '  itemprop=\"headline\"  >Torneado<\/h1><div class=\"special-heading-border\"><div class=\"special-heading-inner-border\"><\/div><\/div><\/div><\/div>\n<style type=\"text\/css\" data-created_by=\"avia_inline_auto\" id=\"style-css-av-1zksrx-7c6d72b373c127d191b90494daf37d45\">\n.flex_column.av-1zksrx-7c6d72b373c127d191b90494daf37d45{\nborder-radius:0px 0px 0px 0px;\npadding:0px 0px 0px 0px;\n}\n<\/style>\n<div  class='flex_column av-1zksrx-7c6d72b373c127d191b90494daf37d45 av_one_full  avia-builder-el-5  el_after_av_one_full  avia-builder-el-last  first flex_column_div av-zero-column-padding  column-top-margin'     ><section  class='av_textblock_section av-kaqrmbjq-6a4ef9087151c617cfe81a76a40aa15f '   itemscope=\"itemscope\" itemtype=\"https:\/\/schema.org\/CreativeWork\" ><div class='avia_textblock'  itemprop=\"text\" ><h3>Complejo + flexible = inmejorable<\/h3>\n<p>La tecnolog\u00eda de torneado es siempre imbatible cuando se trata de fabricar productos con un alto nivel de calidad, superficies limpias y tolerancias ajustadas. Gracias a la moderna tecnolog\u00eda multihusillo, se pueden ofrecer incluso grandes cantidades a buen precio. <strong>KOHLHAGE<\/strong> Fasteners utiliza la tecnolog\u00eda de torneado para la producci\u00f3n en serie de insertos especiales, as\u00ed como de husillos de ajuste complejos para asientos de autom\u00f3viles. Adem\u00e1s, los prototipos suelen estudiarse para poder reaccionar con rapidez y flexibilidad a las modificaciones.<\/p>\n<p>Desde el monohusillo CNC hasta el octohusillo CNC: junto con los socios de <strong>KOHLHAGE<\/strong>, podemos ofrecer todos los procesos de fabricaci\u00f3n habituales de la tecnolog\u00eda de torneado. <strong>KOHLHAGE<\/strong> Fasteners siempre recomienda el proceso m\u00e1s favorable en t\u00e9rminos de geometr\u00eda y cantidades.<\/p>\n<\/div><\/section><\/div><\/p>\n<\/div><\/div><\/div>[av_layout_row border='' min_height_percent='' min_height_pc='25' min_height='0' color='main_color' mobile='av-flex-cells' id='' av_element_hidden_in_editor='0' mobile_breaking='' av-small-hide='aviaTBav-small-hide' av-mini-hide='aviaTBav-mini-hide' av_uid='av-1gdke6' custom_class='']\n\n[av_cell_one_fifth av_uid='av-bunpu6']\n\n[\/av_cell_one_fifth][av_cell_three_fifth av_uid='av-arqtqm']\n\n[av_one_fifth first min_height='' vertical_alignment='av-align-top' space='' margin='0px' margin_sync='true' row_boxshadow_color='' row_boxshadow_width='10' link='' linktarget='' link_hover='' title_attr='' alt_attr='' padding='0px,15px,0px,15px' highlight_size='1.1' border='' border_color='' radius='0px' radius_sync='true' column_boxshadow_color='' column_boxshadow_width='10' background='bg_color' background_color='' background_gradient_color1='' background_gradient_color2='' background_gradient_direction='vertical' src='' attachment='' attachment_size='' background_position='top left' background_repeat='repeat' animation='' mobile_breaking='' mobile_display='' av_uid='av-k9ladck7' custom_class='']\n\n[av_image src='https:\/\/www.kohlhage.de\/wp-content\/uploads\/2020\/05\/karriere-icons_bild-kohlhage-kontakt-272x300.png' attachment='3036' attachment_size='medium' align='center' styling='' hover='' link='manually,https:\/\/www.kohlhage.de\/es\/kohlhage-servicios\/contacto\/' target='' caption='' font_size='' appearance='' overlay_opacity='0.4' overlay_color='#000000' overlay_text_color='#ffffff' copyright='' animation='no-animation' av_uid='av-k9lafuku' custom_class='' admin_preview_bg=''][\/av_image]\n\n[av_heading heading='Contacto' tag='h3' link='manually,http:\/\/' link_target='' style='blockquote modern-quote modern-centered' size='' subheading_active='' subheading_size='15' margin='14px,,,' padding='10' color='custom-color-heading' custom_font='#007749' custom_class='' id='' admin_preview_bg='' av-desktop-hide='' av-medium-hide='' av-small-hide='' av-mini-hide='' av-medium-font-size-title='' av-small-font-size-title='' av-mini-font-size-title='' av-medium-font-size='' av-small-font-size='' av-mini-font-size='' av_uid='av-9kp6pa'][\/av_heading]\n\n[\/av_one_fifth][av_one_fifth min_height='' vertical_alignment='av-align-top' space='' custom_margin='aviaTBcustom_margin' margin='0px' margin_sync='true' row_boxshadow_color='' row_boxshadow_width='10' link='' linktarget='' link_hover='' title_attr='' alt_attr='' padding='0px,15px,0px,15px' highlight_size='1.1' border='' border_color='' radius='0px' radius_sync='true' column_boxshadow_color='' column_boxshadow_width='10' background='bg_color' background_color='' background_gradient_color1='' background_gradient_color2='' background_gradient_direction='vertical' src='' attachment='' attachment_size='' background_position='top left' background_repeat='repeat' animation='' mobile_breaking='' mobile_display='' av_uid='av-k9ladck7' custom_class='']\n\n[av_image src='https:\/\/www.kohlhage.de\/wp-content\/uploads\/2020\/05\/karriere-icons_bild-kohlhage-offene-stellen-272x300.png' attachment='3038' attachment_size='medium' align='center' styling='' hover='' link='manually,https:\/\/karriere.kohlhage.de' target='' caption='' font_size='' appearance='' overlay_opacity='0.4' overlay_color='#000000' overlay_text_color='#ffffff' copyright='' animation='no-animation' av_uid='av-k9lafuku' custom_class='' admin_preview_bg=''][\/av_image]\n\n[av_heading heading='Carrera' tag='h3' link='manually,http:\/\/' link_target='' style='blockquote modern-quote modern-centered' size='' subheading_active='' subheading_size='15' margin='14px,,,' padding='10' color='custom-color-heading' custom_font='#007749' custom_class='' id='' admin_preview_bg='' av-desktop-hide='' av-medium-hide='' av-small-hide='' av-mini-hide='' av-medium-font-size-title='' av-small-font-size-title='' av-mini-font-size-title='' av-medium-font-size='' av-small-font-size='' av-mini-font-size='' av_uid='av-7pv2by'][\/av_heading]\n\n[\/av_one_fifth][av_one_fifth min_height='av-equal-height-column' vertical_alignment='av-align-top' space='' margin='0px' margin_sync='true' row_boxshadow_color='' row_boxshadow_width='10' link='' linktarget='' link_hover='' title_attr='' alt_attr='' padding='0px,15px,0px,15px' highlight_size='1.1' border='' border_color='' radius='0px' radius_sync='true' column_boxshadow_color='' column_boxshadow_width='10' background='bg_color' background_color='' background_gradient_color1='' background_gradient_color2='' background_gradient_direction='vertical' src='' attachment='' attachment_size='' background_position='top left' background_repeat='repeat' animation='' mobile_breaking='' mobile_display='' av_uid='av-k9ladck7' custom_class='']\n\n[av_image src='https:\/\/www.kohlhage.de\/wp-content\/uploads\/2020\/05\/karriere-icons_bild-kohlhage-news-272x300.png' attachment='3037' attachment_size='medium' align='center' styling='' hover='' link='manually,https:\/\/www.kohlhage.de\/es\/kohlhage-servicios\/noticias\/' target='' caption='' font_size='' appearance='' overlay_opacity='0.4' overlay_color='#000000' overlay_text_color='#ffffff' copyright='' animation='no-animation' av_uid='av-k9lafuku' custom_class='' admin_preview_bg=''][\/av_image]\n\n[av_heading heading='Noticias' tag='h3' link='manually,http:\/\/' link_target='' style='blockquote modern-quote modern-centered' size='' subheading_active='' subheading_size='15' margin='14px,,,' padding='10' color='custom-color-heading' custom_font='#007749' custom_class='' id='' admin_preview_bg='' av-desktop-hide='' av-medium-hide='' av-small-hide='' av-mini-hide='' av-medium-font-size-title='' av-small-font-size-title='' av-mini-font-size-title='' av-medium-font-size='' av-small-font-size='' av-mini-font-size='' av_uid='av-5ykh0e'][\/av_heading]\n\n[\/av_one_fifth][av_one_fifth min_height='' vertical_alignment='av-align-top' space='' margin='0px' margin_sync='true' row_boxshadow_color='' row_boxshadow_width='10' link='' linktarget='' link_hover='' title_attr='' alt_attr='' padding='0px,15px,0px,15px' highlight_size='1.1' border='' border_color='' radius='0px' radius_sync='true' column_boxshadow_color='' column_boxshadow_width='10' background='bg_color' background_color='' background_gradient_color1='' background_gradient_color2='' background_gradient_direction='vertical' src='' attachment='' attachment_size='' background_position='top left' background_repeat='repeat' animation='' mobile_breaking='' mobile_display='' av_uid='av-k9ladck7' custom_class='']\n\n[av_image src='https:\/\/www.kohlhage.de\/wp-content\/uploads\/2020\/05\/karriere-icons_bild-kohlhage-downloads-1-272x300.png' attachment='3052' attachment_size='medium' align='center' styling='' hover='' link='manually,https:\/\/www.kohlhage.de\/es\/kohlhage-servicios\/descargas\/' target='' caption='' font_size='' appearance='' overlay_opacity='0.4' overlay_color='#000000' overlay_text_color='#ffffff' copyright='' animation='no-animation' av_uid='av-k9lafuku' custom_class='' admin_preview_bg=''][\/av_image]\n\n[av_heading heading='Descargar' tag='h3' link='manually,http:\/\/' link_target='' style='blockquote modern-quote modern-centered' size='' subheading_active='' subheading_size='15' margin='14px,,,' padding='10' color='custom-color-heading' custom_font='#007749' custom_class='' id='' admin_preview_bg='' av-desktop-hide='' av-medium-hide='' av-small-hide='' av-mini-hide='' av-medium-font-size-title='' av-small-font-size-title='' av-mini-font-size-title='' av-medium-font-size='' av-small-font-size='' av-mini-font-size='' av_uid='av-3zu6ce'][\/av_heading]\n\n[\/av_one_fifth][av_one_fifth min_height='' vertical_alignment='av-align-top' space='' margin='0px' margin_sync='true' row_boxshadow_color='' row_boxshadow_width='10' link='' linktarget='' link_hover='' title_attr='' alt_attr='' padding='0px,15px,0px,15px' highlight_size='1.1' border='' border_color='' radius='0px' radius_sync='true' column_boxshadow_color='' column_boxshadow_width='10' background='bg_color' background_color='' background_gradient_color1='' background_gradient_color2='' background_gradient_direction='vertical' src='' attachment='' attachment_size='' background_position='top left' background_repeat='repeat' animation='' mobile_breaking='' mobile_display='' av_uid='av-k9ladck7' custom_class='']\n\n[av_image src='https:\/\/www.kohlhage.de\/wp-content\/uploads\/2021\/10\/kohlhage_pikto_zertifikat.png' attachment='8913' attachment_size='full' copyright='' caption='' styling='' align='center' font_size='' overlay_opacity='0.4' overlay_color='#000000' overlay_text_color='#ffffff' animation='no-animation' hover='' appearance='' link='manually,https:\/\/www.kohlhage.de\/es\/kohlhage-servicios\/certificaciones\/' target='' title_attr='' alt_attr='' id='' custom_class='' av_element_hidden_in_editor='0' av_uid='av-k9lafuku' admin_preview_bg=''][\/av_image]\n\n[av_heading heading='Certificaciones' tag='h3' link='manually,http:\/\/' link_target='' style='blockquote modern-quote modern-centered' size='' subheading_active='' subheading_size='15' margin='14px,,,' padding='10' color='custom-color-heading' custom_font='#007749' custom_class='' id='' admin_preview_bg='' av-desktop-hide='' av-medium-hide='' av-small-hide='' av-mini-hide='' av-medium-font-size-title='' av-small-font-size-title='' av-mini-font-size-title='' av-medium-font-size='' av-small-font-size='' av-mini-font-size='' av_uid='av-2biyri'][\/av_heading]\n\n[\/av_one_fifth][\/av_cell_three_fifth][av_cell_one_fifth vertical_align='top' padding='30px' background='bg_color' background_color='' background_gradient_color1='' background_gradient_color2='' background_gradient_direction='vertical' src='' background_attachment='scroll' background_position='top left' background_repeat='no-repeat' link='' linktarget='' link_hover='' mobile_display='' av_uid='av-9jvtlq']\n\n[\/av_cell_one_fifth][\/av_layout_row]<\/p>\n","protected":false},"excerpt":{"rendered":"","protected":false},"author":2,"featured_media":0,"parent":5563,"menu_order":50,"comment_status":"closed","ping_status":"closed","template":"","meta":{"footnotes":""},"class_list":["post-5573","page","type-page","status-publish","hentry"],"_links":{"self":[{"href":"https:\/\/www.kohlhage.de\/es\/wp-json\/wp\/v2\/pages\/5573","targetHints":{"allow":["GET"]}}],"collection":[{"href":"https:\/\/www.kohlhage.de\/es\/wp-json\/wp\/v2\/pages"}],"about":[{"href":"https:\/\/www.kohlhage.de\/es\/wp-json\/wp\/v2\/types\/page"}],"author":[{"embeddable":true,"href":"https:\/\/www.kohlhage.de\/es\/wp-json\/wp\/v2\/users\/2"}],"replies":[{"embeddable":true,"href":"https:\/\/www.kohlhage.de\/es\/wp-json\/wp\/v2\/comments?post=5573"}],"version-history":[{"count":9,"href":"https:\/\/www.kohlhage.de\/es\/wp-json\/wp\/v2\/pages\/5573\/revisions"}],"predecessor-version":[{"id":8333,"href":"https:\/\/www.kohlhage.de\/es\/wp-json\/wp\/v2\/pages\/5573\/revisions\/8333"}],"up":[{"embeddable":true,"href":"https:\/\/www.kohlhage.de\/es\/wp-json\/wp\/v2\/pages\/5563"}],"wp:attachment":[{"href":"https:\/\/www.kohlhage.de\/es\/wp-json\/wp\/v2\/media?parent=5573"}],"curies":[{"name":"wp","href":"https:\/\/api.w.org\/{rel}","templated":true}]}}